{"id":5528,"date":"2024-08-28T13:33:28","date_gmt":"2024-08-28T13:33:28","guid":{"rendered":"https:\/\/dev2.bitmonkey.hu\/gulliver\/?post_type=product&#038;p=5528"},"modified":"2024-08-28T13:33:28","modified_gmt":"2024-08-28T13:33:28","slug":"unnepnapok","status":"publish","type":"product","link":"https:\/\/gulliverkiado.hu\/index.php\/termek\/unnepnapok\/","title":{"rendered":"\u00dcnnepnapok"},"content":{"rendered":"<p>Az \u00fcnnep mindig kiv\u00e9teles esem\u00e9ny, rendk\u00edv\u00fcli alkalom, amikor ideje van az \u00f6r\u00f6mnek, a vid\u00e1ms\u00e1gnak, vagy megmutatkozhat a m\u00e9ly h\u00e1la, a bens\u0151s\u00e9ges szeretet, net\u00e1n az \u00f6r\u00f6k eml\u00e9kezet. A napt\u00e1rban egym\u00e1st k\u00f6vet\u0151 jeles napok foglalj\u00e1k keretbe az esztend\u0151t, minden \u00e9vben farsangolunk, meg\u00fcnnepelj\u00fck m\u00e1rcius 15-\u00e9t, a csal\u00e1dok \u00f6sszegy\u0171lnek h\u00fasv\u00e9tkor, s gyermek \u00e9s feln\u0151tt egyar\u00e1nt v\u00e1rja a kar\u00e1csonyt. \u00c1m a mai rohan\u00f3 vil\u00e1gban m\u00e1r-m\u00e1r elsikkadt, \u00fcnnepeink z\u00f6me milyen r\u00e9gi m\u00faltra tekint vissza, mennyi t\u00f6rt\u00e9net, legenda, hiedelem, szok\u00e1s kapcsol\u00f3dik hozz\u00e1juk. A k\u00f6nyv bemutatja az \u00fcnnepek m\u00faltj\u00e1t \u00e9s jelen\u00e9t, gazdag hagyom\u00e1nykincs\u00fcket, s kitekint\u00e9st ny\u00fajt a nagyvil\u00e1gba is, hogyan telnek m\u00e1s kult\u00far\u00e1kban az \u00fcnnepnapok.<\/p>\n","protected":false},"excerpt":{"rendered":"<p>Az \u00fcnnep mindig kiv\u00e9teles esem\u00e9ny, rendk\u00edv\u00fcli alkalom, amikor ideje van az \u00f6r\u00f6mnek, a vid\u00e1ms\u00e1gnak, vagy megmutatkozhat a m\u00e9ly h\u00e1la, a bens\u0151s\u00e9ges szeretet, net\u00e1n az \u00f6r\u00f6k eml\u00e9kezet. A napt\u00e1rban egym\u00e1st k\u00f6vet\u0151 jeles napok foglalj\u00e1k keretbe az esztend\u0151t, minden \u00e9vben farsangolunk, meg\u00fcnnepelj\u00fck m\u00e1rcius 15-\u00e9t, a csal\u00e1dok \u00f6sszegy\u0171lnek h\u00fasv\u00e9tkor, s gyermek \u00e9s feln\u0151tt egyar\u00e1nt v\u00e1rja a kar\u00e1csonyt. \u00c1m [&hellip;]<\/p>\n","protected":false},"featured_media":5328,"comment_status":"open","ping_status":"closed","template":"","meta":[],"product_cat":[70,62,15],"product_tag":[],"class_list":["post-5528","product","type-product","status-publish","has-post-thumbnail","hentry","product_cat-ismeretterjeszto","product_cat-gyermek-konyv","product_cat-egyeb"],"acf":{"oldalak_szama":48,"alcim":"","sorozat":"100 \u00e1llom\u00e1s \u2013 100 kaland","kozremukodo_i":"Domina Istv\u00e1n","kozremukodo_i_szerzosege":"szerz\u0151","kozremukodo_ii":"---","kozremukodo_ii_szerzosege":"szerz\u0151","kategoria_i":"gyerek \u00e9s ifj\u00fas\u00e1gi","kategoria_ii":"ismeretterjeszt\u0151","bs_id":21013,"ean":9789639232662,"statusz":"kaphat\u00f3","kiado":"","leirasszinopszisfulszoveg":"","online_ar":2390,"szelesseg":228,"magassag":298,"vastagsag":8,"sulyg":500,"link":"","kulcsszavak":""},"_links":{"self":[{"href":"https:\/\/gulliverkiado.hu\/index.php\/wp-json\/wp\/v2\/product\/5528","targetHints":{"allow":["GET"]}}],"collection":[{"href":"https:\/\/gulliverkiado.hu\/index.php\/wp-json\/wp\/v2\/product"}],"about":[{"href":"https:\/\/gulliverkiado.hu\/index.php\/wp-json\/wp\/v2\/types\/product"}],"replies":[{"embeddable":true,"href":"https:\/\/gulliverkiado.hu\/index.php\/wp-json\/wp\/v2\/comments?post=5528"}],"wp:featuredmedia":[{"embeddable":true,"href":"https:\/\/gulliverkiado.hu\/index.php\/wp-json\/wp\/v2\/media\/5328"}],"wp:attachment":[{"href":"https:\/\/gulliverkiado.hu\/index.php\/wp-json\/wp\/v2\/media?parent=5528"}],"wp:term":[{"taxonomy":"product_cat","embeddable":true,"href":"https:\/\/gulliverkiado.hu\/index.php\/wp-json\/wp\/v2\/product_cat?post=5528"},{"taxonomy":"product_tag","embeddable":true,"href":"https:\/\/gulliverkiado.hu\/index.php\/wp-json\/wp\/v2\/product_tag?post=5528"}],"curies":[{"name":"wp","href":"https:\/\/api.w.org\/{rel}","templated":true}]}}