{"id":5527,"date":"2024-08-28T13:31:24","date_gmt":"2024-08-28T13:31:24","guid":{"rendered":"https:\/\/dev2.bitmonkey.hu\/gulliver\/?post_type=product&#038;p=5527"},"modified":"2024-08-28T13:31:24","modified_gmt":"2024-08-28T13:31:24","slug":"tudosok-es-langelmek","status":"publish","type":"product","link":"https:\/\/gulliverkiado.hu\/index.php\/termek\/tudosok-es-langelmek\/","title":{"rendered":"Tud\u00f3sok \u00e9s l\u00e1ngelm\u00e9k"},"content":{"rendered":"<p>Utaz\u00e1s a tud\u00f3sok \u00e9s l\u00e1ngelm\u00e9k izgalmas vil\u00e1g\u00e1ban Mi\u00e9rt nem s\u00fcllyed el az ac\u00e9l haj\u00f3test? Ki tervezte az els\u0151 harckocsit? Milyen k\u00eds\u00e9rlet sz\u00ednhelye volt a pisai ferde torony? Mikor adt\u00e1k be az els\u0151 v\u00e9d\u0151olt\u00e1st? Ki volt az \u201eany\u00e1k megment\u0151je\u201d? Ki alkotta meg a \u201emazsol\u00e1s puding\u201d atomelm\u00e9letet? Mi\u00e9rt g\u00f6rb\u00fcl meg a t\u00e9r? Mi az a Nagy Bumm? Ki \u00e1ll\u00edtotta meg a f\u00e9nyt? Mi\u00e9rt titokzatos a Higgs-bozon? K\u00edv\u00e1ncsi vagy a v\u00e1laszokra? Akkor kalandozzunk egy\u00fctt a tudom\u00e1ny izgalmas vil\u00e1g\u00e1ban! 100 \u00e1llom\u00e1son 100 kalandban lehet r\u00e9szed! S mik\u00f6zben bepillant\u00e1st nyersz a tudom\u00e1ny vil\u00e1g\u00e1ba, m\u00e9g kv\u00edzk\u00e9rd\u00e9sekkel is tesztelheted tud\u00e1sodat.<\/p>\n","protected":false},"excerpt":{"rendered":"<p>Utaz\u00e1s a tud\u00f3sok \u00e9s l\u00e1ngelm\u00e9k izgalmas vil\u00e1g\u00e1ban Mi\u00e9rt nem s\u00fcllyed el az ac\u00e9l haj\u00f3test? Ki tervezte az els\u0151 harckocsit? Milyen k\u00eds\u00e9rlet sz\u00ednhelye volt a pisai ferde torony? Mikor adt\u00e1k be az els\u0151 v\u00e9d\u0151olt\u00e1st? Ki volt az \u201eany\u00e1k megment\u0151je\u201d? Ki alkotta meg a \u201emazsol\u00e1s puding\u201d atomelm\u00e9letet? Mi\u00e9rt g\u00f6rb\u00fcl meg a t\u00e9r? Mi az a Nagy Bumm? [&hellip;]<\/p>\n","protected":false},"featured_media":5342,"comment_status":"open","ping_status":"closed","template":"","meta":[],"product_cat":[70,62,64],"product_tag":[],"class_list":["post-5527","product","type-product","status-publish","has-post-thumbnail","hentry","product_cat-ismeretterjeszto","product_cat-gyermek-konyv","product_cat-tortenelem"],"acf":{"oldalak_szama":40,"alcim":"","sorozat":"100 \u00e1llom\u00e1s \u2013 100 kaland","kozremukodo_i":"Nagy \u00c9va","kozremukodo_i_szerzosege":"szerz\u0151","kozremukodo_ii":"---","kozremukodo_ii_szerzosege":"szerz\u0151","kategoria_i":"gyerek \u00e9s ifj\u00fas\u00e1gi","kategoria_ii":"ismeretterjeszt\u0151","bs_id":18658,"ean":9789639619678,"statusz":"kaphat\u00f3","kiado":"Lilliput Kiad\u00f3","leirasszinopszisfulszoveg":"","online_ar":2390,"szelesseg":228,"magassag":298,"vastagsag":8,"sulyg":500,"link":"","kulcsszavak":""},"_links":{"self":[{"href":"https:\/\/gulliverkiado.hu\/index.php\/wp-json\/wp\/v2\/product\/5527","targetHints":{"allow":["GET"]}}],"collection":[{"href":"https:\/\/gulliverkiado.hu\/index.php\/wp-json\/wp\/v2\/product"}],"about":[{"href":"https:\/\/gulliverkiado.hu\/index.php\/wp-json\/wp\/v2\/types\/product"}],"replies":[{"embeddable":true,"href":"https:\/\/gulliverkiado.hu\/index.php\/wp-json\/wp\/v2\/comments?post=5527"}],"wp:featuredmedia":[{"embeddable":true,"href":"https:\/\/gulliverkiado.hu\/index.php\/wp-json\/wp\/v2\/media\/5342"}],"wp:attachment":[{"href":"https:\/\/gulliverkiado.hu\/index.php\/wp-json\/wp\/v2\/media?parent=5527"}],"wp:term":[{"taxonomy":"product_cat","embeddable":true,"href":"https:\/\/gulliverkiado.hu\/index.php\/wp-json\/wp\/v2\/product_cat?post=5527"},{"taxonomy":"product_tag","embeddable":true,"href":"https:\/\/gulliverkiado.hu\/index.php\/wp-json\/wp\/v2\/product_tag?post=5527"}],"curies":[{"name":"wp","href":"https:\/\/api.w.org\/{rel}","templated":true}]}}