{"id":5526,"date":"2024-08-28T13:29:03","date_gmt":"2024-08-28T13:29:03","guid":{"rendered":"https:\/\/dev2.bitmonkey.hu\/gulliver\/?post_type=product&#038;p=5526"},"modified":"2024-08-28T13:29:03","modified_gmt":"2024-08-28T13:29:03","slug":"t-rex","status":"publish","type":"product","link":"https:\/\/gulliverkiado.hu\/index.php\/termek\/t-rex\/","title":{"rendered":"T-Rex"},"content":{"rendered":"<p>Utazz vel\u00fcnk k\u00fcl\u00f6nleges, izgalmas vil\u00e1gokba! 100 \u00e1llom\u00e1son 100 kalandban lehet r\u00e9szed! A sorozatb\u00f3l sz\u00e1mos t\u00e9ny mellett rengeteg \u00e9rdekess\u00e9get megtudhatsz, s m\u00e9g a k\u00e9z\u00fcgyess\u00e9gedet is pr\u00f3b\u00e1ra teheted. Mi\u00e9rt nem barangolhatta be a f\u00f6ldtek\u00e9t a T-rex? Milyen gyorsan futott a Tyrannosaurus rex? Melyik ma \u00e9l\u0151 \u00e1llat nagyobb n\u00e1la? Mennyi esze lehetett a din\u00f3k kir\u00e1ly\u00e1nak? Mekkora n\u00f6v\u00e9nyev\u0151k ker\u00fcltek az \u00e9tlapj\u00e1ra? Mik\u00e9pp \u00faszhatta meg a T-rex t\u00e1mad\u00e1s\u00e1t a Parasaurolophus?<\/p>\n","protected":false},"excerpt":{"rendered":"<p>Utazz vel\u00fcnk k\u00fcl\u00f6nleges, izgalmas vil\u00e1gokba! 100 \u00e1llom\u00e1son 100 kalandban lehet r\u00e9szed! A sorozatb\u00f3l sz\u00e1mos t\u00e9ny mellett rengeteg \u00e9rdekess\u00e9get megtudhatsz, s m\u00e9g a k\u00e9z\u00fcgyess\u00e9gedet is pr\u00f3b\u00e1ra teheted. Mi\u00e9rt nem barangolhatta be a f\u00f6ldtek\u00e9t a T-rex? Milyen gyorsan futott a Tyrannosaurus rex? Melyik ma \u00e9l\u0151 \u00e1llat nagyobb n\u00e1la? Mennyi esze lehetett a din\u00f3k kir\u00e1ly\u00e1nak? Mekkora n\u00f6v\u00e9nyev\u0151k ker\u00fcltek [&hellip;]<\/p>\n","protected":false},"featured_media":5334,"comment_status":"open","ping_status":"closed","template":"","meta":[],"product_cat":[70,62],"product_tag":[],"class_list":["post-5526","product","type-product","status-publish","has-post-thumbnail","hentry","product_cat-ismeretterjeszto","product_cat-gyermek-konyv"],"acf":{"oldalak_szama":48,"alcim":"","sorozat":"100 \u00e1llom\u00e1s \u2013 100 kaland","kozremukodo_i":"Nagy \u00c9va","kozremukodo_i_szerzosege":"szerz\u0151","kozremukodo_ii":"---","kozremukodo_ii_szerzosege":"szerz\u0151","kategoria_i":"gyerek \u00e9s ifj\u00fas\u00e1gi","kategoria_ii":"ismeretterjeszt\u0151","bs_id":17714,"ean":9789639619630,"statusz":"kaphat\u00f3","kiado":"Lilliput Kiad\u00f3","leirasszinopszisfulszoveg":"","online_ar":2390,"szelesseg":228,"magassag":298,"vastagsag":8,"sulyg":500,"link":"","kulcsszavak":""},"_links":{"self":[{"href":"https:\/\/gulliverkiado.hu\/index.php\/wp-json\/wp\/v2\/product\/5526","targetHints":{"allow":["GET"]}}],"collection":[{"href":"https:\/\/gulliverkiado.hu\/index.php\/wp-json\/wp\/v2\/product"}],"about":[{"href":"https:\/\/gulliverkiado.hu\/index.php\/wp-json\/wp\/v2\/types\/product"}],"replies":[{"embeddable":true,"href":"https:\/\/gulliverkiado.hu\/index.php\/wp-json\/wp\/v2\/comments?post=5526"}],"wp:featuredmedia":[{"embeddable":true,"href":"https:\/\/gulliverkiado.hu\/index.php\/wp-json\/wp\/v2\/media\/5334"}],"wp:attachment":[{"href":"https:\/\/gulliverkiado.hu\/index.php\/wp-json\/wp\/v2\/media?parent=5526"}],"wp:term":[{"taxonomy":"product_cat","embeddable":true,"href":"https:\/\/gulliverkiado.hu\/index.php\/wp-json\/wp\/v2\/product_cat?post=5526"},{"taxonomy":"product_tag","embeddable":true,"href":"https:\/\/gulliverkiado.hu\/index.php\/wp-json\/wp\/v2\/product_tag?post=5526"}],"curies":[{"name":"wp","href":"https:\/\/api.w.org\/{rel}","templated":true}]}}