{"id":5525,"date":"2024-08-28T13:26:24","date_gmt":"2024-08-28T13:26:24","guid":{"rendered":"https:\/\/dev2.bitmonkey.hu\/gulliver\/?post_type=product&#038;p=5525"},"modified":"2024-08-28T13:26:24","modified_gmt":"2024-08-28T13:26:24","slug":"torokvesz","status":"publish","type":"product","link":"https:\/\/gulliverkiado.hu\/index.php\/termek\/torokvesz\/","title":{"rendered":"T\u00f6r\u00f6kv\u00e9sz"},"content":{"rendered":"<p>A T\u00d6R\u00d6KV\u00c9SZ tud\u00f3s\u00edt\u00e1s a moh\u00e1csi trag\u00e9dia ut\u00e1n darabjaira hullott Magyar Kir\u00e1lys\u00e1g t\u00fal\u00e9l\u00e9s\u00e9rt v\u00edvott sz\u00e1z\u00f6tven \u00e9ves k\u00fczdelm\u00e9r\u0151l, a kereszt\u00e9ny vil\u00e1g \u00e9s a h\u00f3d\u00edt\u00f3 t\u00f6r\u00f6k nagyhatalom dr\u00e1mai egym\u00e1snak fesz\u00fcl\u00e9s\u00e9r\u0151l. A k\u00f6tet mes\u00e9l a v\u00e9gv\u00e1ri vit\u00e9zek \u00e9s a janics\u00e1rok \u00e9let-hal\u00e1l harc\u00e1r\u00f3l, a H\u00f3dolts\u00e1gban \u00e9l\u0151k kiszolg\u00e1ltatotts\u00e1g\u00e1r\u00f3l, Erd\u00e9ly aranykor\u00e1r\u00f3l, a reform\u00e1ci\u00f3r\u00f3l. Elbesz\u00e9li, hogyan lett a magyar f\u00f6ld a Habsburgok orsz\u00e1ga, \u00e9s mik\u00e9nt vetett v\u00e9get Buda visszav\u00e9tel\u00e9t k\u00f6vet\u0151en az eur\u00f3pai \u00f6sszefog\u00e1s az oszm\u00e1nok uralm\u00e1nak.<\/p>\n","protected":false},"excerpt":{"rendered":"<p>A T\u00d6R\u00d6KV\u00c9SZ tud\u00f3s\u00edt\u00e1s a moh\u00e1csi trag\u00e9dia ut\u00e1n darabjaira hullott Magyar Kir\u00e1lys\u00e1g t\u00fal\u00e9l\u00e9s\u00e9rt v\u00edvott sz\u00e1z\u00f6tven \u00e9ves k\u00fczdelm\u00e9r\u0151l, a kereszt\u00e9ny vil\u00e1g \u00e9s a h\u00f3d\u00edt\u00f3 t\u00f6r\u00f6k nagyhatalom dr\u00e1mai egym\u00e1snak fesz\u00fcl\u00e9s\u00e9r\u0151l. A k\u00f6tet mes\u00e9l a v\u00e9gv\u00e1ri vit\u00e9zek \u00e9s a janics\u00e1rok \u00e9let-hal\u00e1l harc\u00e1r\u00f3l, a H\u00f3dolts\u00e1gban \u00e9l\u0151k kiszolg\u00e1ltatotts\u00e1g\u00e1r\u00f3l, Erd\u00e9ly aranykor\u00e1r\u00f3l, a reform\u00e1ci\u00f3r\u00f3l. Elbesz\u00e9li, hogyan lett a magyar f\u00f6ld a Habsburgok orsz\u00e1ga, [&hellip;]<\/p>\n","protected":false},"featured_media":5353,"comment_status":"open","ping_status":"closed","template":"","meta":[],"product_cat":[70,62,64],"product_tag":[],"class_list":["post-5525","product","type-product","status-publish","has-post-thumbnail","hentry","product_cat-ismeretterjeszto","product_cat-gyermek-konyv","product_cat-tortenelem"],"acf":{"oldalak_szama":48,"alcim":"Magyarorsz\u00e1g t\u00f6rt\u00e9nete 1526\u20131686","sorozat":"Magyar Hist\u00f3r\u00e1k","kozremukodo_i":"Domina Istv\u00e1n","kozremukodo_i_szerzosege":"szerz\u0151","kozremukodo_ii":"---","kozremukodo_ii_szerzosege":"szerz\u0151","kategoria_i":"gyerek \u00e9s ifj\u00fas\u00e1gi","kategoria_ii":"ismeretterjeszt\u0151","bs_id":19145,"ean":9789639232891,"statusz":"kaphat\u00f3","kiado":"Gulliver Kiad\u00f3","leirasszinopszisfulszoveg":"","online_ar":2390,"szelesseg":228,"magassag":298,"vastagsag":8,"sulyg":500,"link":"","kulcsszavak":""},"_links":{"self":[{"href":"https:\/\/gulliverkiado.hu\/index.php\/wp-json\/wp\/v2\/product\/5525","targetHints":{"allow":["GET"]}}],"collection":[{"href":"https:\/\/gulliverkiado.hu\/index.php\/wp-json\/wp\/v2\/product"}],"about":[{"href":"https:\/\/gulliverkiado.hu\/index.php\/wp-json\/wp\/v2\/types\/product"}],"replies":[{"embeddable":true,"href":"https:\/\/gulliverkiado.hu\/index.php\/wp-json\/wp\/v2\/comments?post=5525"}],"wp:featuredmedia":[{"embeddable":true,"href":"https:\/\/gulliverkiado.hu\/index.php\/wp-json\/wp\/v2\/media\/5353"}],"wp:attachment":[{"href":"https:\/\/gulliverkiado.hu\/index.php\/wp-json\/wp\/v2\/media?parent=5525"}],"wp:term":[{"taxonomy":"product_cat","embeddable":true,"href":"https:\/\/gulliverkiado.hu\/index.php\/wp-json\/wp\/v2\/product_cat?post=5525"},{"taxonomy":"product_tag","embeddable":true,"href":"https:\/\/gulliverkiado.hu\/index.php\/wp-json\/wp\/v2\/product_tag?post=5525"}],"curies":[{"name":"wp","href":"https:\/\/api.w.org\/{rel}","templated":true}]}}