{"id":5524,"date":"2024-08-28T13:16:54","date_gmt":"2024-08-28T13:16:54","guid":{"rendered":"https:\/\/dev2.bitmonkey.hu\/gulliver\/?post_type=product&#038;p=5524"},"modified":"2024-08-28T13:17:49","modified_gmt":"2024-08-28T13:17:49","slug":"szent-istvan-nemzetsege","status":"publish","type":"product","link":"https:\/\/gulliverkiado.hu\/index.php\/termek\/szent-istvan-nemzetsege\/","title":{"rendered":"Szent Istv\u00e1n Nemzets\u00e9ge"},"content":{"rendered":"<p>Az els\u0151 magyar uralkod\u00f3h\u00e1zat els\u0151 kir\u00e1lyunk ut\u00e1n a k\u00f6z\u00e9pkorban gyakran csak \u201eSzent Istv\u00e1n nemzets\u00e9gek\u00e9nt\u201d emlegett\u00e9k. Az \u00e1llamalap\u00edt\u00f3 nyomdokain j\u00e1r\u00f3 \u00c1rp\u00e1d h\u00e1zi uralkod\u00f3k er\u0151s kir\u00e1lys\u00e1got teremtettek, s ha kellett, megv\u00e9delmezt\u00e9k a n\u00e9metek \u00e9s biz\u00e1nciak seregeit\u0151l. Noha a korszak nem sz\u0171k\u00f6lk\u00f6d\u00f6tt tr\u00f3nvisz\u00e1lyokban, p\u00e1rtharcokban, v\u00e9res h\u00e1bor\u00fakban, a kunok \u00e9s tat\u00e1rok puszt\u00edt\u00f3 bet\u00f6r\u00e9seiben, m\u00e9gis a magyar hist\u00f3ria egyik legf\u00e9nyesebb peri\u00f3dusa. Az \u00c1rp\u00e1dok dinaszti\u00e1ja adta a lovagkir\u00e1lyt, Szent L\u00e1szl\u00f3t, a m\u0171velts\u00e9g\u00e9r\u0151l elh\u00edres\u00fclt K\u00f6nyves K\u00e1lm\u00e1nt, az \u201earanykort\u201d megteremt\u0151 III. B\u00e9l\u00e1t, az aranybull\u00e1t kiad\u00f3 II. Endr\u00e9t, s a \u201em\u00e1sodik honalap\u00edt\u00f3t\u201d, IV. B\u00e9l\u00e1t.<\/p>\n","protected":false},"excerpt":{"rendered":"<p>Az els\u0151 magyar uralkod\u00f3h\u00e1zat els\u0151 kir\u00e1lyunk ut\u00e1n a k\u00f6z\u00e9pkorban gyakran csak \u201eSzent Istv\u00e1n nemzets\u00e9gek\u00e9nt\u201d emlegett\u00e9k. Az \u00e1llamalap\u00edt\u00f3 nyomdokain j\u00e1r\u00f3 \u00c1rp\u00e1d h\u00e1zi uralkod\u00f3k er\u0151s kir\u00e1lys\u00e1got teremtettek, s ha kellett, megv\u00e9delmezt\u00e9k a n\u00e9metek \u00e9s biz\u00e1nciak seregeit\u0151l. Noha a korszak nem sz\u0171k\u00f6lk\u00f6d\u00f6tt tr\u00f3nvisz\u00e1lyokban, p\u00e1rtharcokban, v\u00e9res h\u00e1bor\u00fakban, a kunok \u00e9s tat\u00e1rok puszt\u00edt\u00f3 bet\u00f6r\u00e9seiben, m\u00e9gis a magyar hist\u00f3ria egyik legf\u00e9nyesebb [&hellip;]<\/p>\n","protected":false},"featured_media":5352,"comment_status":"open","ping_status":"closed","template":"","meta":[],"product_cat":[70,64],"product_tag":[],"class_list":["post-5524","product","type-product","status-publish","has-post-thumbnail","hentry","product_cat-ismeretterjeszto","product_cat-tortenelem"],"acf":{"oldalak_szama":48,"alcim":"Magyarorsz\u00e1g t\u00f6rt\u00e9nete 997\u20131301","sorozat":"Magyar Hist\u00f3r\u00e1k","kozremukodo_i":"Domina Istv\u00e1n","kozremukodo_i_szerzosege":"szerz\u0151","kozremukodo_ii":"---","kozremukodo_ii_szerzosege":"szerz\u0151","kategoria_i":"gyerek","kategoria_ii":"ismeretterjeszt\u0151","bs_id":18585,"ean":9789639232877,"statusz":"kaphat\u00f3","kiado":"Gulliver Kiad\u00f3","leirasszinopszisfulszoveg":"","online_ar":2390,"szelesseg":228,"magassag":298,"vastagsag":8,"sulyg":500,"link":"","kulcsszavak":""},"_links":{"self":[{"href":"https:\/\/gulliverkiado.hu\/index.php\/wp-json\/wp\/v2\/product\/5524","targetHints":{"allow":["GET"]}}],"collection":[{"href":"https:\/\/gulliverkiado.hu\/index.php\/wp-json\/wp\/v2\/product"}],"about":[{"href":"https:\/\/gulliverkiado.hu\/index.php\/wp-json\/wp\/v2\/types\/product"}],"replies":[{"embeddable":true,"href":"https:\/\/gulliverkiado.hu\/index.php\/wp-json\/wp\/v2\/comments?post=5524"}],"wp:featuredmedia":[{"embeddable":true,"href":"https:\/\/gulliverkiado.hu\/index.php\/wp-json\/wp\/v2\/media\/5352"}],"wp:attachment":[{"href":"https:\/\/gulliverkiado.hu\/index.php\/wp-json\/wp\/v2\/media?parent=5524"}],"wp:term":[{"taxonomy":"product_cat","embeddable":true,"href":"https:\/\/gulliverkiado.hu\/index.php\/wp-json\/wp\/v2\/product_cat?post=5524"},{"taxonomy":"product_tag","embeddable":true,"href":"https:\/\/gulliverkiado.hu\/index.php\/wp-json\/wp\/v2\/product_tag?post=5524"}],"curies":[{"name":"wp","href":"https:\/\/api.w.org\/{rel}","templated":true}]}}