{"id":5523,"date":"2024-08-28T13:13:53","date_gmt":"2024-08-28T13:13:53","guid":{"rendered":"https:\/\/dev2.bitmonkey.hu\/gulliver\/?post_type=product&#038;p=5523"},"modified":"2024-08-28T13:13:53","modified_gmt":"2024-08-28T13:13:53","slug":"roma","status":"publish","type":"product","link":"https:\/\/gulliverkiado.hu\/index.php\/termek\/roma\/","title":{"rendered":"R\u00f3ma"},"content":{"rendered":"<p>Hogyan lett egy kis telep\u00fcl\u00e9s a vil\u00e1g k\u00f6zepe? Mikor, kik korm\u00e1nyozt\u00e1k R\u00f3m\u00e1t? Mivel k\u00fczd\u00f6ttek a gladi\u00e1torok az ar\u00e9n\u00e1kban? Milyen versenyeket rendezted a Circus Maximusban? Milyen tant\u00e1rgyakat oktattak a r\u00f3mai iskol\u00e1kban? Hogy \u00f6lt\u00f6zk\u00f6dtek, milyen h\u00e1zakban laktak a r\u00f3maiak? Kik voltak R\u00f3ma legf\u0151bb istenei? Mire szolg\u00e1lt a Forum Romanum? Melyik v\u00e1ros volt Pann\u00f3nia provincia k\u00f6zpontja? Hogyan \u00e9p\u00edtett\u00e9k fel hely\u0151rs\u00e9geiket a r\u00f3mai l\u00e9gi\u00f3k? K\u00edv\u00e1ncsi vagy a v\u00e1laszokra? Akkor utazzunk egy\u00fctt az \u00f3kori R\u00f3ma izgalmas vil\u00e1g\u00e1ba! 100 \u00e1llom\u00e1s 100 kalandban lehet r\u00e9szed! S mik\u00f6zben bepillant\u00e1st nyersz egy r\u00e9g let\u0171nt kor \u00e9rdekfesz\u00edt\u0151 esem\u00e9nyeibe, k\u00fcl\u00f6n\u00f6s szerepl\u0151inek \u00e9let\u00e9be, a kv\u00edzk\u00e9rd\u00e9sekkel tesztelheted tud\u00e1sodat, \u00e9s k\u00e9z\u00fcgyess\u00e9ged is pr\u00f3b\u00e1ra teheted, ha megval\u00f3s\u00edtod a feladatokat.<\/p>\n","protected":false},"excerpt":{"rendered":"<p>Hogyan lett egy kis telep\u00fcl\u00e9s a vil\u00e1g k\u00f6zepe? Mikor, kik korm\u00e1nyozt\u00e1k R\u00f3m\u00e1t? Mivel k\u00fczd\u00f6ttek a gladi\u00e1torok az ar\u00e9n\u00e1kban? Milyen versenyeket rendezted a Circus Maximusban? Milyen tant\u00e1rgyakat oktattak a r\u00f3mai iskol\u00e1kban? Hogy \u00f6lt\u00f6zk\u00f6dtek, milyen h\u00e1zakban laktak a r\u00f3maiak? Kik voltak R\u00f3ma legf\u0151bb istenei? Mire szolg\u00e1lt a Forum Romanum? Melyik v\u00e1ros volt Pann\u00f3nia provincia k\u00f6zpontja? Hogyan \u00e9p\u00edtett\u00e9k [&hellip;]<\/p>\n","protected":false},"featured_media":5333,"comment_status":"open","ping_status":"closed","template":"","meta":[],"product_cat":[70,62,64],"product_tag":[],"class_list":["post-5523","product","type-product","status-publish","has-post-thumbnail","hentry","product_cat-ismeretterjeszto","product_cat-gyermek-konyv","product_cat-tortenelem"],"acf":{"oldalak_szama":48,"alcim":"","sorozat":"100 \u00e1llom\u00e1s \u2013 100 kaland","kozremukodo_i":"Nagy \u00c9va","kozremukodo_i_szerzosege":"szerz\u0151","kozremukodo_ii":"---","kozremukodo_ii_szerzosege":"szerz\u0151","kategoria_i":"gyerek \u00e9s ifj\u00fas\u00e1gi","kategoria_ii":"ismeretterjeszt\u0151","bs_id":15,"ean":9789639166479,"statusz":"kaphat\u00f3","kiado":"Lilliput Kiad\u00f3","leirasszinopszisfulszoveg":"","online_ar":2390,"szelesseg":228,"magassag":298,"vastagsag":8,"sulyg":500,"link":"","kulcsszavak":""},"_links":{"self":[{"href":"https:\/\/gulliverkiado.hu\/index.php\/wp-json\/wp\/v2\/product\/5523","targetHints":{"allow":["GET"]}}],"collection":[{"href":"https:\/\/gulliverkiado.hu\/index.php\/wp-json\/wp\/v2\/product"}],"about":[{"href":"https:\/\/gulliverkiado.hu\/index.php\/wp-json\/wp\/v2\/types\/product"}],"replies":[{"embeddable":true,"href":"https:\/\/gulliverkiado.hu\/index.php\/wp-json\/wp\/v2\/comments?post=5523"}],"wp:featuredmedia":[{"embeddable":true,"href":"https:\/\/gulliverkiado.hu\/index.php\/wp-json\/wp\/v2\/media\/5333"}],"wp:attachment":[{"href":"https:\/\/gulliverkiado.hu\/index.php\/wp-json\/wp\/v2\/media?parent=5523"}],"wp:term":[{"taxonomy":"product_cat","embeddable":true,"href":"https:\/\/gulliverkiado.hu\/index.php\/wp-json\/wp\/v2\/product_cat?post=5523"},{"taxonomy":"product_tag","embeddable":true,"href":"https:\/\/gulliverkiado.hu\/index.php\/wp-json\/wp\/v2\/product_tag?post=5523"}],"curies":[{"name":"wp","href":"https:\/\/api.w.org\/{rel}","templated":true}]}}