{"id":5522,"date":"2024-08-28T13:12:16","date_gmt":"2024-08-28T13:12:16","guid":{"rendered":"https:\/\/dev2.bitmonkey.hu\/gulliver\/?post_type=product&#038;p=5522"},"modified":"2024-08-28T13:12:16","modified_gmt":"2024-08-28T13:12:16","slug":"repules","status":"publish","type":"product","link":"https:\/\/gulliverkiado.hu\/index.php\/termek\/repules\/","title":{"rendered":"Rep\u00fcl\u00e9s"},"content":{"rendered":"<p>Utazz vel\u00fcnk k\u00fcl\u00f6nleges, izgalmas vil\u00e1gokba! 100 \u00e1llom\u00e1son 100 kalandban lehet r\u00e9szed! A sorozatb\u00f3l sz\u00e1mos t\u00e9ny mellett rengeteg \u00e9rdekess\u00e9get megtudhatsz, s m\u00e9g a k\u00e9z\u00fcgyess\u00e9gedet is pr\u00f3b\u00e1ra teheted.Mi\u00e9rt sz\u00e9llel szemben sz\u00e1llnak fel a madarak? Hogyan ir\u00e1ny\u00edthat\u00f3 a h\u0151l\u00e9gballon? Milyen sz\u00edn\u0171 a fekete doboz? Mi\u00e9rt k\u00e9pes egy helyben lebegni a helikopter? Mi a hangrobban\u00e1s? Mit\u0151l l\u00e1thatatlan a lopakod\u00f3?K\u00edv\u00e1ncsi vagy a v\u00e1laszokra? Akkor utazzunk egy\u00fctt a rep\u00fcl\u00e9s izgalmas vil\u00e1g\u00e1ban!<\/p>\n","protected":false},"excerpt":{"rendered":"<p>Utazz vel\u00fcnk k\u00fcl\u00f6nleges, izgalmas vil\u00e1gokba! 100 \u00e1llom\u00e1son 100 kalandban lehet r\u00e9szed! A sorozatb\u00f3l sz\u00e1mos t\u00e9ny mellett rengeteg \u00e9rdekess\u00e9get megtudhatsz, s m\u00e9g a k\u00e9z\u00fcgyess\u00e9gedet is pr\u00f3b\u00e1ra teheted.Mi\u00e9rt sz\u00e9llel szemben sz\u00e1llnak fel a madarak? Hogyan ir\u00e1ny\u00edthat\u00f3 a h\u0151l\u00e9gballon? Milyen sz\u00edn\u0171 a fekete doboz? Mi\u00e9rt k\u00e9pes egy helyben lebegni a helikopter? Mi a hangrobban\u00e1s? Mit\u0151l l\u00e1thatatlan a lopakod\u00f3?K\u00edv\u00e1ncsi [&hellip;]<\/p>\n","protected":false},"featured_media":5341,"comment_status":"open","ping_status":"closed","template":"","meta":[],"product_cat":[70,62],"product_tag":[],"class_list":["post-5522","product","type-product","status-publish","has-post-thumbnail","hentry","product_cat-ismeretterjeszto","product_cat-gyermek-konyv"],"acf":{"oldalak_szama":48,"alcim":"","sorozat":"100 \u00e1llom\u00e1s \u2013 100 kaland","kozremukodo_i":"Nagy \u00c9va","kozremukodo_i_szerzosege":"szerz\u0151","kozremukodo_ii":"---","kozremukodo_ii_szerzosege":"szerz\u0151","kategoria_i":"gyerek \u00e9s ifj\u00fas\u00e1gi","kategoria_ii":"ismeretterjeszt\u0151","bs_id":17135,"ean":9789639619500,"statusz":"kaphat\u00f3","kiado":"Lilliput Kiad\u00f3","leirasszinopszisfulszoveg":"","online_ar":2390,"szelesseg":228,"magassag":298,"vastagsag":8,"sulyg":500,"link":"","kulcsszavak":""},"_links":{"self":[{"href":"https:\/\/gulliverkiado.hu\/index.php\/wp-json\/wp\/v2\/product\/5522","targetHints":{"allow":["GET"]}}],"collection":[{"href":"https:\/\/gulliverkiado.hu\/index.php\/wp-json\/wp\/v2\/product"}],"about":[{"href":"https:\/\/gulliverkiado.hu\/index.php\/wp-json\/wp\/v2\/types\/product"}],"replies":[{"embeddable":true,"href":"https:\/\/gulliverkiado.hu\/index.php\/wp-json\/wp\/v2\/comments?post=5522"}],"wp:featuredmedia":[{"embeddable":true,"href":"https:\/\/gulliverkiado.hu\/index.php\/wp-json\/wp\/v2\/media\/5341"}],"wp:attachment":[{"href":"https:\/\/gulliverkiado.hu\/index.php\/wp-json\/wp\/v2\/media?parent=5522"}],"wp:term":[{"taxonomy":"product_cat","embeddable":true,"href":"https:\/\/gulliverkiado.hu\/index.php\/wp-json\/wp\/v2\/product_cat?post=5522"},{"taxonomy":"product_tag","embeddable":true,"href":"https:\/\/gulliverkiado.hu\/index.php\/wp-json\/wp\/v2\/product_tag?post=5522"}],"curies":[{"name":"wp","href":"https:\/\/api.w.org\/{rel}","templated":true}]}}