{"id":5520,"date":"2024-08-28T13:03:03","date_gmt":"2024-08-28T13:03:03","guid":{"rendered":"https:\/\/dev2.bitmonkey.hu\/gulliver\/?post_type=product&#038;p=5520"},"modified":"2024-08-28T13:04:15","modified_gmt":"2024-08-28T13:04:15","slug":"magyarorszag-tortenete","status":"publish","type":"product","link":"https:\/\/gulliverkiado.hu\/index.php\/termek\/magyarorszag-tortenete\/","title":{"rendered":"Magyarorsz\u00e1g t\u00f6rt\u00e9nete"},"content":{"rendered":"<p>A k\u00f6tet Magyarorsz\u00e1g t\u00f6rt\u00e9net\u00e9t mutatja be a honfoglal\u00e1st\u00f3l eg\u00e9szen a 20. sz\u00e1zad k\u00f6zep\u00e9ig, harminc fejezetbe s\u0171r\u00edtve t\u00f6rt\u00e9nelm\u00fcnk dics\u0151 \u00e9s f\u00e1jdalmas korszakait. A k\u00f6nyv t\u00e9rk\u00e9pei r\u00e9szletes \u00fatmutat\u00e1st adnak az egyes korszakok t\u00f6rt\u00e9n\u00e9seir\u0151l, bemutatj\u00e1k az esem\u00e9nyek menet\u00e9t. A fejezeteket r\u00f6vid kitekint\u00e9s eg\u00e9sz\u00edti ki Eur\u00f3p\u00e1ra \u00e9s a nagyvil\u00e1gra, s megeml\u00edt \u00e9rdekess\u00e9geket is az adott id\u0151szakr\u00f3l. Az atlasz j\u00f3l hasznos\u00edthat\u00f3 az iskol\u00e1ban tanultak \u00f6sszefoglal\u00e1s\u00e1ra \u00e9s kieg\u00e9sz\u00edt\u00e9s\u00e9re.<\/p>\n","protected":false},"excerpt":{"rendered":"<p>A k\u00f6tet Magyarorsz\u00e1g t\u00f6rt\u00e9net\u00e9t mutatja be a honfoglal\u00e1st\u00f3l eg\u00e9szen a 20. sz\u00e1zad k\u00f6zep\u00e9ig, harminc fejezetbe s\u0171r\u00edtve t\u00f6rt\u00e9nelm\u00fcnk dics\u0151 \u00e9s f\u00e1jdalmas korszakait. A k\u00f6nyv t\u00e9rk\u00e9pei r\u00e9szletes \u00fatmutat\u00e1st adnak az egyes korszakok t\u00f6rt\u00e9n\u00e9seir\u0151l, bemutatj\u00e1k az esem\u00e9nyek menet\u00e9t. A fejezeteket r\u00f6vid kitekint\u00e9s eg\u00e9sz\u00edti ki Eur\u00f3p\u00e1ra \u00e9s a nagyvil\u00e1gra, s megeml\u00edt \u00e9rdekess\u00e9geket is az adott id\u0151szakr\u00f3l. Az atlasz j\u00f3l [&hellip;]<\/p>\n","protected":false},"featured_media":5354,"comment_status":"open","ping_status":"closed","template":"","meta":[],"product_cat":[70,64],"product_tag":[],"class_list":["post-5520","product","type-product","status-publish","has-post-thumbnail","hentry","product_cat-ismeretterjeszto","product_cat-tortenelem"],"acf":{"oldalak_szama":64,"alcim":"K\u00e9pes t\u00f6rt\u00e9nelmi atlasz","sorozat":"K\u00e9pes atlasz","kozremukodo_i":"Domina Istv\u00e1n","kozremukodo_i_szerzosege":"szerz\u0151","kozremukodo_ii":"---","kozremukodo_ii_szerzosege":"szerkeszt\u0151","kategoria_i":"gyerek \u00e9s ifj\u00fas\u00e1gi","kategoria_ii":"ismeretterjeszt\u0151","bs_id":21583,"ean":9789639232679,"statusz":"kaphat\u00f3","kiado":"Gulliver Kiad\u00f3","leirasszinopszisfulszoveg":"","online_ar":3190,"szelesseg":245,"magassag":340,"vastagsag":10,"sulyg":750,"link":"","kulcsszavak":""},"_links":{"self":[{"href":"https:\/\/gulliverkiado.hu\/index.php\/wp-json\/wp\/v2\/product\/5520","targetHints":{"allow":["GET"]}}],"collection":[{"href":"https:\/\/gulliverkiado.hu\/index.php\/wp-json\/wp\/v2\/product"}],"about":[{"href":"https:\/\/gulliverkiado.hu\/index.php\/wp-json\/wp\/v2\/types\/product"}],"replies":[{"embeddable":true,"href":"https:\/\/gulliverkiado.hu\/index.php\/wp-json\/wp\/v2\/comments?post=5520"}],"wp:featuredmedia":[{"embeddable":true,"href":"https:\/\/gulliverkiado.hu\/index.php\/wp-json\/wp\/v2\/media\/5354"}],"wp:attachment":[{"href":"https:\/\/gulliverkiado.hu\/index.php\/wp-json\/wp\/v2\/media?parent=5520"}],"wp:term":[{"taxonomy":"product_cat","embeddable":true,"href":"https:\/\/gulliverkiado.hu\/index.php\/wp-json\/wp\/v2\/product_cat?post=5520"},{"taxonomy":"product_tag","embeddable":true,"href":"https:\/\/gulliverkiado.hu\/index.php\/wp-json\/wp\/v2\/product_tag?post=5520"}],"curies":[{"name":"wp","href":"https:\/\/api.w.org\/{rel}","templated":true}]}}