{"id":5519,"date":"2024-08-27T14:30:06","date_gmt":"2024-08-27T14:30:06","guid":{"rendered":"https:\/\/dev2.bitmonkey.hu\/gulliver\/?post_type=product&#038;p=5519"},"modified":"2024-08-27T14:30:35","modified_gmt":"2024-08-27T14:30:35","slug":"magiak","status":"publish","type":"product","link":"https:\/\/gulliverkiado.hu\/index.php\/termek\/magiak\/","title":{"rendered":"M\u00e1gi\u00e1k"},"content":{"rendered":"<p>Utazz vel\u00fcnk k\u00fcl\u00f6nleges, izgalmas vil\u00e1gokba! 100 \u00e1llom\u00e1son 100 kalandban lehet r\u00e9szed! A sorozatb\u00f3l sz\u00e1mos t\u00e9ny mellett rengeteg \u00e9rdekess\u00e9get megtudhatsz, s m\u00e9g a k\u00e9z\u00fcgyess\u00e9gedet is pr\u00f3b\u00e1ra teheted.<br \/>\nMi a k\u00fcl\u00f6nbs\u00e9g a fekete \u00e9s a feh\u00e9r m\u00e1gia k\u00f6z\u00f6tt? Mi\u00e9rt kerest\u00e9k az alkimist\u00e1k a B\u00f6lcsek K\u00f6v\u00e9t? Hogyan lehet k\u00e1v\u00e9zaccb\u00f3l j\u00f3solni? Mik azok a \u201efekete k\u00f6nyvek\u201d? Mir\u0151l nevezetes a f\u0151nix? Milyen \u00e1llatok alakj\u00e1t \u00f6lthette a boszork\u00e1ny? Mire szolg\u00e1lt az amulett? Mit tal\u00e1ltak Herm\u00e9sz Triszmegisztosz s\u00edrj\u00e1ban? Mi\u00e9rt nem szabad elt\u00f6rni a t\u00fckr\u00f6t? Mi\u00e9rt nevezt\u00e9k Houdinit \u201ebilincskir\u00e1lynak\u201d?<\/p>\n","protected":false},"excerpt":{"rendered":"<p>Utazz vel\u00fcnk k\u00fcl\u00f6nleges, izgalmas vil\u00e1gokba! 100 \u00e1llom\u00e1son 100 kalandban lehet r\u00e9szed! A sorozatb\u00f3l sz\u00e1mos t\u00e9ny mellett rengeteg \u00e9rdekess\u00e9get megtudhatsz, s m\u00e9g a k\u00e9z\u00fcgyess\u00e9gedet is pr\u00f3b\u00e1ra teheted. Mi a k\u00fcl\u00f6nbs\u00e9g a fekete \u00e9s a feh\u00e9r m\u00e1gia k\u00f6z\u00f6tt? Mi\u00e9rt kerest\u00e9k az alkimist\u00e1k a B\u00f6lcsek K\u00f6v\u00e9t? Hogyan lehet k\u00e1v\u00e9zaccb\u00f3l j\u00f3solni? Mik azok a \u201efekete k\u00f6nyvek\u201d? Mir\u0151l nevezetes a [&hellip;]<\/p>\n","protected":false},"featured_media":5340,"comment_status":"open","ping_status":"closed","template":"","meta":[],"product_cat":[70],"product_tag":[],"class_list":["post-5519","product","type-product","status-publish","has-post-thumbnail","hentry","product_cat-ismeretterjeszto"],"acf":{"oldalak_szama":48,"alcim":"","sorozat":"100 \u00e1llom\u00e1s \u2013 100 kaland","kozremukodo_i":"---","kozremukodo_i_szerzosege":"szerz\u0151","kozremukodo_ii":"Nagy \u00c9va","kozremukodo_ii_szerzosege":"szerkeszt\u0151","kategoria_i":"gyerek","kategoria_ii":"ismeretterjeszt\u0151","bs_id":20636,"ean":9789639619616,"statusz":"kaphat\u00f3","kiado":"Lilliput Kiad\u00f3","leirasszinopszisfulszoveg":"","online_ar":2390,"szelesseg":228,"magassag":298,"vastagsag":10,"sulyg":500,"link":"","kulcsszavak":""},"_links":{"self":[{"href":"https:\/\/gulliverkiado.hu\/index.php\/wp-json\/wp\/v2\/product\/5519","targetHints":{"allow":["GET"]}}],"collection":[{"href":"https:\/\/gulliverkiado.hu\/index.php\/wp-json\/wp\/v2\/product"}],"about":[{"href":"https:\/\/gulliverkiado.hu\/index.php\/wp-json\/wp\/v2\/types\/product"}],"replies":[{"embeddable":true,"href":"https:\/\/gulliverkiado.hu\/index.php\/wp-json\/wp\/v2\/comments?post=5519"}],"wp:featuredmedia":[{"embeddable":true,"href":"https:\/\/gulliverkiado.hu\/index.php\/wp-json\/wp\/v2\/media\/5340"}],"wp:attachment":[{"href":"https:\/\/gulliverkiado.hu\/index.php\/wp-json\/wp\/v2\/media?parent=5519"}],"wp:term":[{"taxonomy":"product_cat","embeddable":true,"href":"https:\/\/gulliverkiado.hu\/index.php\/wp-json\/wp\/v2\/product_cat?post=5519"},{"taxonomy":"product_tag","embeddable":true,"href":"https:\/\/gulliverkiado.hu\/index.php\/wp-json\/wp\/v2\/product_tag?post=5519"}],"curies":[{"name":"wp","href":"https:\/\/api.w.org\/{rel}","templated":true}]}}