{"id":5510,"date":"2024-08-27T12:55:49","date_gmt":"2024-08-27T12:55:49","guid":{"rendered":"https:\/\/dev2.bitmonkey.hu\/gulliver\/?post_type=product&#038;p=5510"},"modified":"2024-08-27T13:03:37","modified_gmt":"2024-08-27T13:03:37","slug":"lovagkor","status":"publish","type":"product","link":"https:\/\/gulliverkiado.hu\/index.php\/termek\/lovagkor\/","title":{"rendered":"Lovagkor"},"content":{"rendered":"","protected":false},"excerpt":{"rendered":"<p>Milyenek voltak a k\u00f6z\u00e9pkori v\u00e1rak? Mi\u00e9rt \u00e9p\u00edtettek hegytet\u0151re a budai v\u00e1rat? Hogyan \u00e9ltek a v\u00e1rak lak\u00f3i? Ki volt Zr\u00ednyi Mikl\u00f3s? Milyen el\u0151\u00edr\u00e1sokat szabott meg a lovagiass\u00e1g k\u00f3dexe? Mir\u0151l h\u00edresek az egri v\u00e1r v\u00e9d\u0151i? Mi\u00e9rt volt kerek a Kerekasztal Lovagjainak asztala? Hogyan csaltak a lovagok a lovagi torn\u00e1n? Milyen tr\u00fckk\u00f6ket vetettek be a v\u00e1rostroml\u00f3k \u00e9s a v\u00e1rv\u00e9d\u0151k? Mire haszn\u00e1lta hajl\u00edtott kardj\u00e1t a szamur\u00e1j?K\u00edv\u00e1ncsi vagy a v\u00e1laszokra? Akkor utazzunk egy\u00fctt a lovagkor izgalmas vil\u00e1g\u00e1ban! 100 \u00e1llom\u00e1son 100 kalandban lehet r\u00e9szed! S mik\u00f6zben bepillant\u00e1st nyersz egy r\u00e9g let\u0171nt kor \u00e9rdekfesz\u00edt\u0151 esem\u00e9nyeibe, k\u00fcl\u00f6n\u00f6s szerepl\u0151inek \u00e9let\u00e9be, a kv\u00edzk\u00e9rd\u00e9sekkel tesztelheted tud\u00e1sodat, \u00e9s k\u00e9z\u00fcgyess\u00e9ged is pr\u00f3b\u00e1ra teheted, ha megval\u00f3s\u00edtod a feladatokat.<\/p>\n","protected":false},"featured_media":5511,"comment_status":"open","ping_status":"closed","template":"","meta":[],"product_cat":[70,62],"product_tag":[],"class_list":["post-5510","product","type-product","status-publish","has-post-thumbnail","hentry","product_cat-ismeretterjeszto","product_cat-gyermek-konyv"],"acf":{"oldalak_szama":48,"alcim":"","sorozat":"100 \u00e1llom\u00e1s \u2013 100 kaland","kozremukodo_i":"---","kozremukodo_i_szerzosege":"szerz\u0151","kozremukodo_ii":"Nagy \u00c9va","kozremukodo_ii_szerzosege":"szerkeszt\u0151","kategoria_i":"gyerek \u00e9s ifj\u00fas\u00e1gi","kategoria_ii":"ismeretterjeszt\u0151","bs_id":15568,"ean":9789639619463,"statusz":"kaphat\u00f3","kiado":"Lilliput Kiad\u00f3","leirasszinopszisfulszoveg":"","online_ar":2390,"szelesseg":228,"magassag":297,"vastagsag":10,"sulyg":500,"link":"","kulcsszavak":""},"_links":{"self":[{"href":"https:\/\/gulliverkiado.hu\/index.php\/wp-json\/wp\/v2\/product\/5510","targetHints":{"allow":["GET"]}}],"collection":[{"href":"https:\/\/gulliverkiado.hu\/index.php\/wp-json\/wp\/v2\/product"}],"about":[{"href":"https:\/\/gulliverkiado.hu\/index.php\/wp-json\/wp\/v2\/types\/product"}],"replies":[{"embeddable":true,"href":"https:\/\/gulliverkiado.hu\/index.php\/wp-json\/wp\/v2\/comments?post=5510"}],"wp:featuredmedia":[{"embeddable":true,"href":"https:\/\/gulliverkiado.hu\/index.php\/wp-json\/wp\/v2\/media\/5511"}],"wp:attachment":[{"href":"https:\/\/gulliverkiado.hu\/index.php\/wp-json\/wp\/v2\/media?parent=5510"}],"wp:term":[{"taxonomy":"product_cat","embeddable":true,"href":"https:\/\/gulliverkiado.hu\/index.php\/wp-json\/wp\/v2\/product_cat?post=5510"},{"taxonomy":"product_tag","embeddable":true,"href":"https:\/\/gulliverkiado.hu\/index.php\/wp-json\/wp\/v2\/product_tag?post=5510"}],"curies":[{"name":"wp","href":"https:\/\/api.w.org\/{rel}","templated":true}]}}