{"id":5372,"date":"2023-03-01T11:54:22","date_gmt":"2023-03-01T11:54:22","guid":{"rendered":"https:\/\/dev2.bitmonkey.hu\/gulliver\/?post_type=product&#038;p=5372"},"modified":"2024-08-30T12:32:56","modified_gmt":"2024-08-30T12:32:56","slug":"kicsi-kek-mozdony-nagy-utazasa-lengyelorszagban","status":"publish","type":"product","link":"https:\/\/gulliverkiado.hu\/index.php\/termek\/kicsi-kek-mozdony-nagy-utazasa-lengyelorszagban\/","title":{"rendered":"Kicsi K\u00e9k Mozdony nagy utaz\u00e1sa Lengyelorsz\u00e1gban"},"content":{"rendered":"","protected":false},"excerpt":{"rendered":"<p>A kalandv\u00e1gy\u00f3 mozdony Lengyelorsz\u00e1gban barangol Kormos, a fekete g\u00f3lya \u00e9s Bizony, az eur\u00f3pai b\u00f6l\u00e9ny t\u00e1rsas\u00e1g\u00e1ban. \u00datk\u00f6zben csatlakozik hozz\u00e1juk Kicsi S\u00e1rga Rep\u00fcl\u0151 \u00e9s Kicsi Piros Aut\u00f3. J\u00e1rnak a g\u00f6rbe erd\u0151ben, tal\u00e1lkoznak hatalmas dinoszauruszokkal, t\u00fczet ok\u00e1d\u00f3 s\u00e1rk\u00e1nnyal, \u00e9s m\u00e9g egy vadlovat is siker\u00fcl megmenteni\u00fck. V\u00e9g\u00fcl felfedeznek egy olyan csod\u00e1s helyet, ahol mindig h\u0171v\u00f6s van&#8230;<\/p>\n<p><span class=\"_aacl _aaco _aacu _aacx _aad7 _aade\">A mesek\u00f6nyv megjelen\u00e9s\u00e9t <\/span><span class=\"_aacl _aaco _aacu _aacx _aad7 _aade\">t\u00e1mogatta a<br \/>\n<\/span><\/p>\n<p><span class=\"_aacl _aaco _aacu _aacx _aad7 _aade\"><img loading=\"lazy\" decoding=\"async\" class=\"alignnone wp-image-5374 \" src=\"https:\/\/dev2.bitmonkey.hu\/gulliver\/wp-content\/uploads\/2022\/12\/waclaw-felczak-logo-png-300x150.png\" alt=\"Wac\u0142aw Felczak Alap\u00edtv\u00e1ny\" width=\"232\" height=\"116\" srcset=\"https:\/\/gulliverkiado.hu\/wp-content\/uploads\/2022\/12\/waclaw-felczak-logo-png-300x150.png 300w, https:\/\/gulliverkiado.hu\/wp-content\/uploads\/2022\/12\/waclaw-felczak-logo-png-252x126.png 252w, https:\/\/gulliverkiado.hu\/wp-content\/uploads\/2022\/12\/waclaw-felczak-logo-png-250x125.png 250w, https:\/\/gulliverkiado.hu\/wp-content\/uploads\/2022\/12\/waclaw-felczak-logo-png-1024x512.png 1024w, https:\/\/gulliverkiado.hu\/wp-content\/uploads\/2022\/12\/waclaw-felczak-logo-png-768x384.png 768w, https:\/\/gulliverkiado.hu\/wp-content\/uploads\/2022\/12\/waclaw-felczak-logo-png-1536x768.png 1536w, https:\/\/gulliverkiado.hu\/wp-content\/uploads\/2022\/12\/waclaw-felczak-logo-png-2048x1024.png 2048w\" sizes=\"auto, (max-width: 232px) 100vw, 232px\" \/><\/span><\/p>\n","protected":false},"featured_media":5351,"comment_status":"open","ping_status":"closed","template":"","meta":[],"product_cat":[62],"product_tag":[],"class_list":["post-5372","product","type-product","status-publish","has-post-thumbnail","hentry","product_cat-gyermek-konyv"],"acf":{"oldalak_szama":32,"alcim":"n.a.","sorozat":"Kicsi bar\u00e1tok","kozremukodo_i":"---","kozremukodo_i_szerzosege":"szerz\u0151","kozremukodo_ii":"---","kozremukodo_ii_szerzosege":"szerz\u0151","kategoria_i":"gyerek","kategoria_ii":"mesek\u00f6nyv","bs_id":22193,"ean":9786155230516,"statusz":"kaphat\u00f3","kiado":"Gulliver Kiad\u00f3","leirasszinopszisfulszoveg":"","online_ar":2490,"szelesseg":200,"magassag":255,"vastagsag":9,"sulyg":350,"link":"","kulcsszavak":""},"_links":{"self":[{"href":"https:\/\/gulliverkiado.hu\/index.php\/wp-json\/wp\/v2\/product\/5372","targetHints":{"allow":["GET"]}}],"collection":[{"href":"https:\/\/gulliverkiado.hu\/index.php\/wp-json\/wp\/v2\/product"}],"about":[{"href":"https:\/\/gulliverkiado.hu\/index.php\/wp-json\/wp\/v2\/types\/product"}],"replies":[{"embeddable":true,"href":"https:\/\/gulliverkiado.hu\/index.php\/wp-json\/wp\/v2\/comments?post=5372"}],"wp:featuredmedia":[{"embeddable":true,"href":"https:\/\/gulliverkiado.hu\/index.php\/wp-json\/wp\/v2\/media\/5351"}],"wp:attachment":[{"href":"https:\/\/gulliverkiado.hu\/index.php\/wp-json\/wp\/v2\/media?parent=5372"}],"wp:term":[{"taxonomy":"product_cat","embeddable":true,"href":"https:\/\/gulliverkiado.hu\/index.php\/wp-json\/wp\/v2\/product_cat?post=5372"},{"taxonomy":"product_tag","embeddable":true,"href":"https:\/\/gulliverkiado.hu\/index.php\/wp-json\/wp\/v2\/product_tag?post=5372"}],"curies":[{"name":"wp","href":"https:\/\/api.w.org\/{rel}","templated":true}]}}