{"id":5371,"date":"2022-12-01T01:23:50","date_gmt":"2022-12-01T01:23:50","guid":{"rendered":"https:\/\/dev2.bitmonkey.hu\/gulliver\/?post_type=product&#038;p=5371"},"modified":"2024-08-30T12:33:38","modified_gmt":"2024-08-30T12:33:38","slug":"kicsi-kek-mozdony-es-az-ajandek","status":"publish","type":"product","link":"https:\/\/gulliverkiado.hu\/index.php\/termek\/kicsi-kek-mozdony-es-az-ajandek\/","title":{"rendered":"Kicsi K\u00e9k Mozdony \u00e9s az aj\u00e1nd\u00e9k"},"content":{"rendered":"","protected":false},"excerpt":{"rendered":"<p>Kicsi K\u00e9k Mozdonynak kicsit m\u00e1sk\u00e9pp alakul a kar\u00e1csonya, mint tervezte. Ment\u0151akci\u00f3t szervez, hogy az \u00e1rva kisnyuszik ne maradjanak egyed\u00fcl \u00adszenteste napj\u00e1n.<br \/>\nAz erdei \u00e1llatokkal, no meg Kicsi Piros Aut\u00f3val \u00e9s Kicsi S\u00e1rga Rep\u00fcl\u0151vel \u00f6sszefogva a nyulacsk\u00e1knak csod\u00e1s kar\u00e1csonyuk lesz. De az igazi meglepet\u00e9s tavasszal v\u00e1r Kicsi K\u00e9k Mozdonyra&#8230;<\/p>\n","protected":false},"featured_media":5350,"comment_status":"open","ping_status":"closed","template":"","meta":[],"product_cat":[62],"product_tag":[],"class_list":["post-5371","product","type-product","status-publish","has-post-thumbnail","hentry","product_cat-gyermek-konyv"],"acf":{"oldalak_szama":32,"alcim":"n.a.","sorozat":"Kicsi bar\u00e1tok","kozremukodo_i":"Nagy \u00c9va","kozremukodo_i_szerzosege":"szerz\u0151","kozremukodo_ii":"Nagy \u00c9va","kozremukodo_ii_szerzosege":"szerz\u0151","kategoria_i":"gyerek","kategoria_ii":"k\u00e9pes mesek\u00f6nyv","bs_id":22189,"ean":9786155230509,"statusz":"kaphat\u00f3","kiado":"Gulliver Kiad\u00f3","leirasszinopszisfulszoveg":"","online_ar":2490,"szelesseg":200,"magassag":255,"vastagsag":9,"sulyg":350,"link":"","kulcsszavak":""},"_links":{"self":[{"href":"https:\/\/gulliverkiado.hu\/index.php\/wp-json\/wp\/v2\/product\/5371","targetHints":{"allow":["GET"]}}],"collection":[{"href":"https:\/\/gulliverkiado.hu\/index.php\/wp-json\/wp\/v2\/product"}],"about":[{"href":"https:\/\/gulliverkiado.hu\/index.php\/wp-json\/wp\/v2\/types\/product"}],"replies":[{"embeddable":true,"href":"https:\/\/gulliverkiado.hu\/index.php\/wp-json\/wp\/v2\/comments?post=5371"}],"wp:featuredmedia":[{"embeddable":true,"href":"https:\/\/gulliverkiado.hu\/index.php\/wp-json\/wp\/v2\/media\/5350"}],"wp:attachment":[{"href":"https:\/\/gulliverkiado.hu\/index.php\/wp-json\/wp\/v2\/media?parent=5371"}],"wp:term":[{"taxonomy":"product_cat","embeddable":true,"href":"https:\/\/gulliverkiado.hu\/index.php\/wp-json\/wp\/v2\/product_cat?post=5371"},{"taxonomy":"product_tag","embeddable":true,"href":"https:\/\/gulliverkiado.hu\/index.php\/wp-json\/wp\/v2\/product_tag?post=5371"}],"curies":[{"name":"wp","href":"https:\/\/api.w.org\/{rel}","templated":true}]}}