{"id":5370,"date":"2022-12-01T01:22:00","date_gmt":"2022-12-01T01:22:00","guid":{"rendered":"https:\/\/dev2.bitmonkey.hu\/gulliver\/?post_type=product&#038;p=5370"},"modified":"2023-03-03T10:20:30","modified_gmt":"2023-03-03T10:20:30","slug":"kacor-kiraly","status":"publish","type":"product","link":"https:\/\/gulliverkiado.hu\/index.php\/termek\/kacor-kiraly\/","title":{"rendered":"Kacor kir\u00e1ly"},"content":{"rendered":"","protected":false},"excerpt":{"rendered":"<p>Hogy lett a kicsapott macsk\u00e1b\u00f3l kir\u00e1ly? Mik\u00e9nt tudta legy\u0151zni a lass\u00fa s\u00fcndiszn\u00f3 a gyors nyulat? Mit tesz az okos l\u00e1ny, ha azt mondj\u00e1k neki, hozzon is meg ne is, legyen is meg ne is? Mennyire szereti a legkisebb kir\u00e1lyle\u00e1ny az \u00e9desapj\u00e1t, ha annyira szereti, mint az emberek a s\u00f3t? Hogyan j\u00e1r t\u00fal az egyszer\u0171 juh\u00e1sz a p\u00e9nzs\u00f3v\u00e1r str\u00e1zs\u00e1k esz\u00e9n? T\u00edz ismert csalafinta n\u00e9pmese, melyek f\u0151szerepl\u0151i csavaros \u00e9szj\u00e1r\u00e1ssal oldj\u00e1k meg a neh\u00e9z helyzeteket.<\/p>\n","protected":false},"featured_media":5402,"comment_status":"open","ping_status":"closed","template":"","meta":[],"product_cat":[62],"product_tag":[],"class_list":["post-5370","product","type-product","status-publish","has-post-thumbnail","hentry","product_cat-gyermek-konyv"],"acf":{"oldalak_szama":32,"alcim":"Csalafinta Magyar N\u00e9pmes\u00e9k","sorozat":"N\u00e9pmes\u00e9k","kozremukodo_i":"Nagy \u00c9va","kozremukodo_i_szerzosege":"szerz\u0151","kozremukodo_ii":"Nagy \u00c9va","kozremukodo_ii_szerzosege":"szerz\u0151","kategoria_i":"gyerek","kategoria_ii":"k\u00e9pes mesek\u00f6nyv","bs_id":21682,"ean":9789639619753,"statusz":"kaphat\u00f3","kiado":"Lilliput Kiad\u00f3","leirasszinopszisfulszoveg":"","online_ar":2490,"szelesseg":200,"magassag":255,"vastagsag":9,"sulyg":350,"link":"","kulcsszavak":""},"_links":{"self":[{"href":"https:\/\/gulliverkiado.hu\/index.php\/wp-json\/wp\/v2\/product\/5370","targetHints":{"allow":["GET"]}}],"collection":[{"href":"https:\/\/gulliverkiado.hu\/index.php\/wp-json\/wp\/v2\/product"}],"about":[{"href":"https:\/\/gulliverkiado.hu\/index.php\/wp-json\/wp\/v2\/types\/product"}],"replies":[{"embeddable":true,"href":"https:\/\/gulliverkiado.hu\/index.php\/wp-json\/wp\/v2\/comments?post=5370"}],"wp:featuredmedia":[{"embeddable":true,"href":"https:\/\/gulliverkiado.hu\/index.php\/wp-json\/wp\/v2\/media\/5402"}],"wp:attachment":[{"href":"https:\/\/gulliverkiado.hu\/index.php\/wp-json\/wp\/v2\/media?parent=5370"}],"wp:term":[{"taxonomy":"product_cat","embeddable":true,"href":"https:\/\/gulliverkiado.hu\/index.php\/wp-json\/wp\/v2\/product_cat?post=5370"},{"taxonomy":"product_tag","embeddable":true,"href":"https:\/\/gulliverkiado.hu\/index.php\/wp-json\/wp\/v2\/product_tag?post=5370"}],"curies":[{"name":"wp","href":"https:\/\/api.w.org\/{rel}","templated":true}]}}