{"id":5367,"date":"2022-12-01T01:14:56","date_gmt":"2022-12-01T01:14:56","guid":{"rendered":"https:\/\/dev2.bitmonkey.hu\/gulliver\/?post_type=product&#038;p=5367"},"modified":"2022-12-01T01:14:56","modified_gmt":"2022-12-01T01:14:56","slug":"harom-kivansag","status":"publish","type":"product","link":"https:\/\/gulliverkiado.hu\/index.php\/termek\/harom-kivansag\/","title":{"rendered":"H\u00e1rom k\u00edv\u00e1ns\u00e1g"},"content":{"rendered":"","protected":false},"excerpt":{"rendered":"<p>A h\u00e1rom k\u00edv\u00e1ns\u00e1g c\u00edm\u0171 n\u00e9pmesev\u00e1logat\u00e1s hat \u2013 sz\u00f3rakoztat\u00f3, egy\u00fattal alap-vet\u0151 emberi \u00e9rt\u00e9keket bemutat\u00f3 \u2013 magyar n\u00e9pmes\u00e9t k\u00edn\u00e1l, melyekben a j\u00f3tett mindig elnyeri m\u00e9lt\u00f3 jutalm\u00e1t, m\u00edg az irigy \u00e9s kapzsi emberek megb\u0171nh\u0151dnek.<\/p>\n","protected":false},"featured_media":5347,"comment_status":"open","ping_status":"closed","template":"","meta":[],"product_cat":[62],"product_tag":[],"class_list":["post-5367","product","type-product","status-publish","has-post-thumbnail","hentry","product_cat-gyermek-konyv"],"acf":{"oldalak_szama":32,"alcim":"Mulats\u00e1gos magyar n\u00e9pmes\u00e9k","sorozat":"N\u00e9pmes\u00e9k","kozremukodo_i":"Nagy \u00c9va","kozremukodo_i_szerzosege":"szerz\u0151","kozremukodo_ii":"Nagy \u00c9va","kozremukodo_ii_szerzosege":"szerz\u0151","kategoria_i":"gyerek","kategoria_ii":"k\u00e9pes mesek\u00f6nyv","bs_id":22190,"ean":9789639619760,"statusz":"kaphat\u00f3","kiado":"Lilliput Kiad\u00f3","leirasszinopszisfulszoveg":"","online_ar":2490,"szelesseg":200,"magassag":255,"vastagsag":9,"sulyg":350,"link":"","kulcsszavak":""},"_links":{"self":[{"href":"https:\/\/gulliverkiado.hu\/index.php\/wp-json\/wp\/v2\/product\/5367","targetHints":{"allow":["GET"]}}],"collection":[{"href":"https:\/\/gulliverkiado.hu\/index.php\/wp-json\/wp\/v2\/product"}],"about":[{"href":"https:\/\/gulliverkiado.hu\/index.php\/wp-json\/wp\/v2\/types\/product"}],"replies":[{"embeddable":true,"href":"https:\/\/gulliverkiado.hu\/index.php\/wp-json\/wp\/v2\/comments?post=5367"}],"wp:featuredmedia":[{"embeddable":true,"href":"https:\/\/gulliverkiado.hu\/index.php\/wp-json\/wp\/v2\/media\/5347"}],"wp:attachment":[{"href":"https:\/\/gulliverkiado.hu\/index.php\/wp-json\/wp\/v2\/media?parent=5367"}],"wp:term":[{"taxonomy":"product_cat","embeddable":true,"href":"https:\/\/gulliverkiado.hu\/index.php\/wp-json\/wp\/v2\/product_cat?post=5367"},{"taxonomy":"product_tag","embeddable":true,"href":"https:\/\/gulliverkiado.hu\/index.php\/wp-json\/wp\/v2\/product_tag?post=5367"}],"curies":[{"name":"wp","href":"https:\/\/api.w.org\/{rel}","templated":true}]}}