{"id":5365,"date":"2022-12-01T01:10:40","date_gmt":"2022-12-01T01:10:40","guid":{"rendered":"https:\/\/dev2.bitmonkey.hu\/gulliver\/?post_type=product&#038;p=5365"},"modified":"2024-08-27T11:58:14","modified_gmt":"2024-08-27T11:58:14","slug":"hadvezerek","status":"publish","type":"product","link":"https:\/\/gulliverkiado.hu\/index.php\/termek\/hadvezerek\/","title":{"rendered":"Hadvez\u00e9rek"},"content":{"rendered":"","protected":false},"excerpt":{"rendered":"<p>A vil\u00e1gt\u00f6rt\u00e9nelem \u00e9s a magyar t\u00f6rt\u00e9nelem legnagyobb hadvez\u00e9rei &#8222;mutat-koznak be&#8221; a lapokon: Nagy S\u00e1ndor, Szaladin, Oroszl\u00e1nsz\u00edv\u0171 Rich\u00e1rd, Dzsingisz k\u00e1n, Julius Caesar, Nap\u00f3leon, Shaka zulu, Hunyadi J\u00e1nos, Hadik Andr\u00e1s. Sok \u00e9rdekess\u00e9g kider\u00fcl az emberr\u0151l, a katon\u00e1r\u00f3l, a vezet\u0151r\u0151l, \u00e9s be-mutat\u00e1sra ker\u00fcl egy-egy legfontosabb csat\u00e1ja, az el\u0151k\u00e9sz\u00fcleteken \u00e9s taktik\u00e1n \u00e1t az \u00f6sszecsap\u00e1s le\u00edr\u00e1s\u00e1ig.<\/p>\n","protected":false},"featured_media":5338,"comment_status":"open","ping_status":"closed","template":"","meta":[],"product_cat":[70,62,64],"product_tag":[],"class_list":["post-5365","product","type-product","status-publish","has-post-thumbnail","hentry","product_cat-ismeretterjeszto","product_cat-gyermek-konyv","product_cat-tortenelem"],"acf":{"oldalak_szama":48,"alcim":"n.a.","sorozat":"100 \u00e1llom\u00e1s \u2013 100 kaland","kozremukodo_i":"Nagy \u00c9va","kozremukodo_i_szerzosege":"szerz\u0151","kozremukodo_ii":"Nagy \u00c9va","kozremukodo_ii_szerzosege":"szerz\u0151","kategoria_i":"gyerek \u00e9s ifj\u00fas\u00e1gi","kategoria_ii":"ismeretterjeszt\u0151","bs_id":21460,"ean":9789639619623,"statusz":"kaphat\u00f3","kiado":"Lilliput Kiad\u00f3","leirasszinopszisfulszoveg":"","online_ar":2390,"szelesseg":227,"magassag":298,"vastagsag":10,"sulyg":500,"link":"","kulcsszavak":""},"_links":{"self":[{"href":"https:\/\/gulliverkiado.hu\/index.php\/wp-json\/wp\/v2\/product\/5365","targetHints":{"allow":["GET"]}}],"collection":[{"href":"https:\/\/gulliverkiado.hu\/index.php\/wp-json\/wp\/v2\/product"}],"about":[{"href":"https:\/\/gulliverkiado.hu\/index.php\/wp-json\/wp\/v2\/types\/product"}],"replies":[{"embeddable":true,"href":"https:\/\/gulliverkiado.hu\/index.php\/wp-json\/wp\/v2\/comments?post=5365"}],"wp:featuredmedia":[{"embeddable":true,"href":"https:\/\/gulliverkiado.hu\/index.php\/wp-json\/wp\/v2\/media\/5338"}],"wp:attachment":[{"href":"https:\/\/gulliverkiado.hu\/index.php\/wp-json\/wp\/v2\/media?parent=5365"}],"wp:term":[{"taxonomy":"product_cat","embeddable":true,"href":"https:\/\/gulliverkiado.hu\/index.php\/wp-json\/wp\/v2\/product_cat?post=5365"},{"taxonomy":"product_tag","embeddable":true,"href":"https:\/\/gulliverkiado.hu\/index.php\/wp-json\/wp\/v2\/product_tag?post=5365"}],"curies":[{"name":"wp","href":"https:\/\/api.w.org\/{rel}","templated":true}]}}