{"id":5362,"date":"2022-12-01T01:06:11","date_gmt":"2022-12-01T01:06:11","guid":{"rendered":"https:\/\/dev2.bitmonkey.hu\/gulliver\/?post_type=product&#038;p=5362"},"modified":"2024-08-27T12:01:59","modified_gmt":"2024-08-27T12:01:59","slug":"franklin-es-a-karacsony","status":"publish","type":"product","link":"https:\/\/gulliverkiado.hu\/index.php\/termek\/franklin-es-a-karacsony\/","title":{"rendered":"Franklin \u00e9s a kar\u00e1csony"},"content":{"rendered":"","protected":false},"excerpt":{"rendered":"<p>Franklin tud kettes\u00e9vel sz\u00e1molni, \u00e9s be tudja k\u00f6tni a cip\u0151f\u0171z\u0151j\u00e9t. Furuly\u00e1n el tudja j\u00e1tszani a kis kar\u00e1csony, nagy kar\u00e1csony c\u00edm\u0171 dalt, \u00e9s k\u00edv\u00fclr\u0151l f\u00fajja Mikul\u00e1s r\u00e9nszarvasainak nev\u00e9t. Megtanulta \u00fcgyesen becsomagolni az aj\u00e1nd\u00e9kokat, m\u00e9g a masnik\u00f6t\u00e9s sem fog ki rajta.<br \/>\nFranklin im\u00e1dja a kar\u00e1csonyt, \u00e9s m\u00e1r alig v\u00e1rja a szentest\u00e9t. Lelkesen k\u00e9-sz\u00fcl az \u00fcnnepre, kiveszi r\u00e9sz\u00e9t a h\u00e1z csinos\u00edt\u00e1s\u00e1b\u00f3l, \u00e9s m\u00e1r azt is kital\u00e1lta, kit mivel fog meglepni. \u00c9pp ez\u00e9rt \u00e1lm\u00e1ban sem hitte volna, hogy komoly fejt\u00f6r\u00e9st okozhat neki egy aj\u00e1nd\u00e9k kiv\u00e1laszt\u00e1sa.<\/p>\n","protected":false},"featured_media":5346,"comment_status":"open","ping_status":"closed","template":"","meta":[],"product_cat":[15],"product_tag":[],"class_list":["post-5362","product","type-product","status-publish","has-post-thumbnail","hentry","product_cat-egyeb"],"acf":{"oldalak_szama":32,"alcim":"n.a.","sorozat":"Franklin k\u00f6nyvek","kozremukodo_i":"Nagy \u00c9va","kozremukodo_i_szerzosege":"szerz\u0151","kozremukodo_ii":"Nagy \u00c9va","kozremukodo_ii_szerzosege":"szerz\u0151","kategoria_i":"gyerek","kategoria_ii":"k\u00e9pes mesek\u00f6nyv","bs_id":21683,"ean":9789639619739,"statusz":"kaphat\u00f3","kiado":"Lilliput Kiad\u00f3","leirasszinopszisfulszoveg":"","online_ar":1590,"szelesseg":180,"magassag":230,"vastagsag":6,"sulyg":250,"link":"","kulcsszavak":""},"_links":{"self":[{"href":"https:\/\/gulliverkiado.hu\/index.php\/wp-json\/wp\/v2\/product\/5362","targetHints":{"allow":["GET"]}}],"collection":[{"href":"https:\/\/gulliverkiado.hu\/index.php\/wp-json\/wp\/v2\/product"}],"about":[{"href":"https:\/\/gulliverkiado.hu\/index.php\/wp-json\/wp\/v2\/types\/product"}],"replies":[{"embeddable":true,"href":"https:\/\/gulliverkiado.hu\/index.php\/wp-json\/wp\/v2\/comments?post=5362"}],"wp:featuredmedia":[{"embeddable":true,"href":"https:\/\/gulliverkiado.hu\/index.php\/wp-json\/wp\/v2\/media\/5346"}],"wp:attachment":[{"href":"https:\/\/gulliverkiado.hu\/index.php\/wp-json\/wp\/v2\/media?parent=5362"}],"wp:term":[{"taxonomy":"product_cat","embeddable":true,"href":"https:\/\/gulliverkiado.hu\/index.php\/wp-json\/wp\/v2\/product_cat?post=5362"},{"taxonomy":"product_tag","embeddable":true,"href":"https:\/\/gulliverkiado.hu\/index.php\/wp-json\/wp\/v2\/product_tag?post=5362"}],"curies":[{"name":"wp","href":"https:\/\/api.w.org\/{rel}","templated":true}]}}