{"id":5361,"date":"2022-12-01T01:01:03","date_gmt":"2022-12-01T01:01:03","guid":{"rendered":"https:\/\/dev2.bitmonkey.hu\/gulliver\/?post_type=product&#038;p=5361"},"modified":"2024-08-27T12:02:54","modified_gmt":"2024-08-27T12:02:54","slug":"erdely-tortenete","status":"publish","type":"product","link":"https:\/\/gulliverkiado.hu\/index.php\/termek\/erdely-tortenete\/","title":{"rendered":"Erd\u00e9ly t\u00f6rt\u00e9nete"},"content":{"rendered":"","protected":false},"excerpt":{"rendered":"<p>Mikor hagyt\u00e1k el a r\u00f3maiak Daci\u00e1t? Hol vert\u00e9k le a pog\u00e1nyokat Kinizsi P\u00e1l ac\u00e9lba b\u00fajt \u00f6rd\u00f6gei? Mi\u00e9rt h\u00edvt\u00e1k kurucfejedelemnek Th\u00f6k\u00f6ly Imr\u00e9t? Ki adom\u00e1nyozott f\u00f6ldet a harcokban jelesked\u0151 hajd\u00faknak? Hogyan tan\u00edtotta meg a fi\u00e1t lovagolni Wessel\u00e9nyi Mikl\u00f3s? Mi\u00e9rt kapta Erd\u00e9ly a T\u00fcnd\u00e9rorsz\u00e1g elnevez\u00e9st? Honnan sz\u00e1rmaztatj\u00e1k magukat a furfangos sz\u00e9kelyek? Mi\u00e9rt nevezetes Erd\u00e9ly t\u00f6rt\u00e9net\u00e9ben a hetes sz\u00e1m? Ki tartotta mag\u00e1t a &#8222;K\u00e1rp\u00e1tok G\u00e9niusz\u00e1nak&#8221;? Melyik erd\u00e9lyi tud\u00f3sr\u00f3l neveztek el kr\u00e1tert a Holdon? K\u00edv\u00e1ncsi vagy a v\u00e1laszokra? Akkor utazzunk egy\u00fctt Erd\u00e9ly t\u00f6rt\u00e9net\u00e9nek izgalmas korszakaiban! 100 \u00e1llom\u00e1son 100 kalandban lehet r\u00e9szed! S mik\u00f6zben bepillant\u00e1st nyersz Erd\u00e9ly t\u00f6rt\u00e9nelm\u00e9nek \u00e9rdekfesz\u00edt\u0151 esem\u00e9nyeibe, a magyarok, a sz\u00e9kelyek, a sz\u00e1szok \u00e9s a rom\u00e1nok \u00e9let\u00e9be, a kv\u00edzk\u00e9rd\u00e9sekkel tesztelheted tud\u00e1sodat.<\/p>\n","protected":false},"featured_media":5330,"comment_status":"open","ping_status":"closed","template":"","meta":[],"product_cat":[70,62,64],"product_tag":[],"class_list":["post-5361","product","type-product","status-publish","has-post-thumbnail","hentry","product_cat-ismeretterjeszto","product_cat-gyermek-konyv","product_cat-tortenelem"],"acf":{"oldalak_szama":48,"alcim":"n.a.","sorozat":"100 \u00e1llom\u00e1s \u2013 100 kaland","kozremukodo_i":"Nagy \u00c9va","kozremukodo_i_szerzosege":"szerz\u0151","kozremukodo_ii":"Nagy \u00c9va","kozremukodo_ii_szerzosege":"szerz\u0151","kategoria_i":"gyerek \u00e9s ifj\u00fas\u00e1gi","kategoria_ii":"ismeretterjeszt\u0151","bs_id":16355,"ean":9789639619487,"statusz":"kaphat\u00f3","kiado":"Lilliput Kiad\u00f3","leirasszinopszisfulszoveg":"","online_ar":2390,"szelesseg":227,"magassag":298,"vastagsag":10,"sulyg":"","link":"","kulcsszavak":""},"_links":{"self":[{"href":"https:\/\/gulliverkiado.hu\/index.php\/wp-json\/wp\/v2\/product\/5361","targetHints":{"allow":["GET"]}}],"collection":[{"href":"https:\/\/gulliverkiado.hu\/index.php\/wp-json\/wp\/v2\/product"}],"about":[{"href":"https:\/\/gulliverkiado.hu\/index.php\/wp-json\/wp\/v2\/types\/product"}],"replies":[{"embeddable":true,"href":"https:\/\/gulliverkiado.hu\/index.php\/wp-json\/wp\/v2\/comments?post=5361"}],"wp:featuredmedia":[{"embeddable":true,"href":"https:\/\/gulliverkiado.hu\/index.php\/wp-json\/wp\/v2\/media\/5330"}],"wp:attachment":[{"href":"https:\/\/gulliverkiado.hu\/index.php\/wp-json\/wp\/v2\/media?parent=5361"}],"wp:term":[{"taxonomy":"product_cat","embeddable":true,"href":"https:\/\/gulliverkiado.hu\/index.php\/wp-json\/wp\/v2\/product_cat?post=5361"},{"taxonomy":"product_tag","embeddable":true,"href":"https:\/\/gulliverkiado.hu\/index.php\/wp-json\/wp\/v2\/product_tag?post=5361"}],"curies":[{"name":"wp","href":"https:\/\/api.w.org\/{rel}","templated":true}]}}