{"id":5358,"date":"2022-12-01T00:48:14","date_gmt":"2022-12-01T00:48:14","guid":{"rendered":"https:\/\/dev2.bitmonkey.hu\/gulliver\/?post_type=product&#038;p=5358"},"modified":"2024-08-27T12:04:34","modified_gmt":"2024-08-27T12:04:34","slug":"egyiptom","status":"publish","type":"product","link":"https:\/\/gulliverkiado.hu\/index.php\/termek\/egyiptom\/","title":{"rendered":"Egyiptom"},"content":{"rendered":"<p>Ez hol jelenik meg?<\/p>\n","protected":false},"excerpt":{"rendered":"<p>Mi\u00e9rt nevezt\u00e9k az \u00f3kori Egyiptomot a N\u00edlus aj\u00e1nd\u00e9k\u00e1nak? Hogyan \u00e9p\u00fcltek a piramisok \u00e9s a kir\u00e1lys\u00edrok? Mi\u00e9rt viseltek sak\u00e1l-maszkot a mumifik\u00e1l\u00e1sn\u00e1l a papok? Mi a Halottak k\u00f6nyve? Hogyan k\u00e9sz\u00fclt a papirusz, mik azok a hieroglif\u00e1k? Mir\u0151l nevezetes a Kheopsz-piramis? Mi a szerepe a Szfinxnek \u00e9s hol tal\u00e1lhat\u00f3? Mit neveztek Tutanhamon \u00e1tk\u00e1nak? Mire szolg\u00e1lt az udzsat-szem amulett? Mi\u00e9rt \u0151rizt\u00e9k olyan szigor\u00faan Deir el-Medina telep\u00fcl\u00e9st? K\u00edv\u00e1ncsi vagy a v\u00e1laszokra? Akkor utazzunk egy\u00fctt az \u00f3kori Egyiptom izgalmas vil\u00e1g\u00e1ban! 100 \u00e1llom\u00e1son 100 kalandban lehet r\u00e9szed!<\/p>\n","protected":false},"featured_media":5335,"comment_status":"open","ping_status":"closed","template":"","meta":[],"product_cat":[70,64],"product_tag":[],"class_list":["post-5358","product","type-product","status-publish","has-post-thumbnail","hentry","product_cat-ismeretterjeszto","product_cat-tortenelem"],"acf":{"oldalak_szama":48,"alcim":"n.a.","sorozat":"100 \u00e1llom\u00e1s \u2013 100 kaland","kozremukodo_i":"Nagy \u00c9va","kozremukodo_i_szerzosege":"szerz\u0151","kozremukodo_ii":"Nagy \u00c9va","kozremukodo_ii_szerzosege":"szerz\u0151","kategoria_i":"gyerek \u00e9s ifj\u00fas\u00e1gi","kategoria_ii":"ismeretterjeszt\u0151","bs_id":4093,"ean":9789639166639,"statusz":"kaphat\u00f3","kiado":"Lilliput Kiad\u00f3","leirasszinopszisfulszoveg":"","online_ar":2390,"szelesseg":227,"magassag":298,"vastagsag":10,"sulyg":500,"link":"","kulcsszavak":""},"_links":{"self":[{"href":"https:\/\/gulliverkiado.hu\/index.php\/wp-json\/wp\/v2\/product\/5358","targetHints":{"allow":["GET"]}}],"collection":[{"href":"https:\/\/gulliverkiado.hu\/index.php\/wp-json\/wp\/v2\/product"}],"about":[{"href":"https:\/\/gulliverkiado.hu\/index.php\/wp-json\/wp\/v2\/types\/product"}],"replies":[{"embeddable":true,"href":"https:\/\/gulliverkiado.hu\/index.php\/wp-json\/wp\/v2\/comments?post=5358"}],"wp:featuredmedia":[{"embeddable":true,"href":"https:\/\/gulliverkiado.hu\/index.php\/wp-json\/wp\/v2\/media\/5335"}],"wp:attachment":[{"href":"https:\/\/gulliverkiado.hu\/index.php\/wp-json\/wp\/v2\/media?parent=5358"}],"wp:term":[{"taxonomy":"product_cat","embeddable":true,"href":"https:\/\/gulliverkiado.hu\/index.php\/wp-json\/wp\/v2\/product_cat?post=5358"},{"taxonomy":"product_tag","embeddable":true,"href":"https:\/\/gulliverkiado.hu\/index.php\/wp-json\/wp\/v2\/product_tag?post=5358"}],"curies":[{"name":"wp","href":"https:\/\/api.w.org\/{rel}","templated":true}]}}