{"id":5356,"date":"2022-12-01T00:40:59","date_gmt":"2022-12-01T00:40:59","guid":{"rendered":"https:\/\/dev2.bitmonkey.hu\/gulliver\/?post_type=product&#038;p=5356"},"modified":"2022-12-01T00:40:59","modified_gmt":"2022-12-01T00:40:59","slug":"azok-a-csodalatos-varosok","status":"publish","type":"product","link":"https:\/\/gulliverkiado.hu\/index.php\/termek\/azok-a-csodalatos-varosok\/","title":{"rendered":"Azok a csod\u00e1latos v\u00e1rosok"},"content":{"rendered":"","protected":false},"excerpt":{"rendered":"<p>A mindig ny\u00fczsg\u0151, mindig zs\u00fafolt, programokkal teli nagyv\u00e1rosok leny\u0171g\u00f6z\u0151k. Az \u00f3v\u00e1rosok \u00f3don hangulat\u00fa, zegzugos utc\u00e1i a csod\u00e1s palot\u00e1kkal ugyan\u00fagy elb\u0171v\u00f6lik az embert, mint az extramodern, csupa \u00fcveg, \u00e9gbet\u00f6r\u0151 felh\u0151karcol\u00f3k. A k\u00f6tet bemutatja a vil\u00e1g legjelent\u0151sebb nagyv\u00e1rosait, mes\u00e9l a vil\u00e1gv\u00e1rosokr\u00f3l, az okosv\u00e1rosokr\u00f3l, \u00e9s bepillant\u00e1st enged a v\u00e1roslak\u00f3k mindennapi \u00e9let\u00e9be.<\/p>\n","protected":false},"featured_media":5343,"comment_status":"open","ping_status":"closed","template":"","meta":[],"product_cat":[70],"product_tag":[],"class_list":["post-5356","product","type-product","status-publish","has-post-thumbnail","hentry","product_cat-ismeretterjeszto"],"acf":{"oldalak_szama":48,"alcim":"n.a.","sorozat":"Franklin k\u00f6nyvek","kozremukodo_i":"Nagy \u00c9va","kozremukodo_i_szerzosege":"szerz\u0151","kozremukodo_ii":"Hertelendy Csba","kozremukodo_ii_szerzosege":"szerkeszt\u0151","kategoria_i":"gyerek","kategoria_ii":"ismeretterjeszt\u0151","bs_id":21463,"ean":9786155230356,"statusz":"kaphat\u00f3","kiado":"Gulliver Kiad\u00f3","leirasszinopszisfulszoveg":"","online_ar":1990,"szelesseg":227,"magassag":298,"vastagsag":10,"sulyg":500,"link":"","kulcsszavak":""},"_links":{"self":[{"href":"https:\/\/gulliverkiado.hu\/index.php\/wp-json\/wp\/v2\/product\/5356","targetHints":{"allow":["GET"]}}],"collection":[{"href":"https:\/\/gulliverkiado.hu\/index.php\/wp-json\/wp\/v2\/product"}],"about":[{"href":"https:\/\/gulliverkiado.hu\/index.php\/wp-json\/wp\/v2\/types\/product"}],"replies":[{"embeddable":true,"href":"https:\/\/gulliverkiado.hu\/index.php\/wp-json\/wp\/v2\/comments?post=5356"}],"wp:featuredmedia":[{"embeddable":true,"href":"https:\/\/gulliverkiado.hu\/index.php\/wp-json\/wp\/v2\/media\/5343"}],"wp:attachment":[{"href":"https:\/\/gulliverkiado.hu\/index.php\/wp-json\/wp\/v2\/media?parent=5356"}],"wp:term":[{"taxonomy":"product_cat","embeddable":true,"href":"https:\/\/gulliverkiado.hu\/index.php\/wp-json\/wp\/v2\/product_cat?post=5356"},{"taxonomy":"product_tag","embeddable":true,"href":"https:\/\/gulliverkiado.hu\/index.php\/wp-json\/wp\/v2\/product_tag?post=5356"}],"curies":[{"name":"wp","href":"https:\/\/api.w.org\/{rel}","templated":true}]}}