{"id":5318,"date":"2022-11-25T15:26:04","date_gmt":"2022-11-25T15:26:04","guid":{"rendered":"https:\/\/dev2.bitmonkey.hu\/gulliver\/?post_type=product&#038;p=5318"},"modified":"2024-08-28T13:23:44","modified_gmt":"2024-08-28T13:23:44","slug":"a-ketfeju-sas-karmaban-magyarorszag-tortenete-1686-1825-magyar-historiak-sorozat-8-5","status":"publish","type":"product","link":"https:\/\/gulliverkiado.hu\/index.php\/termek\/a-ketfeju-sas-karmaban-magyarorszag-tortenete-1686-1825-magyar-historiak-sorozat-8-5\/","title":{"rendered":"A k\u00e9tfej\u0171 sas karm\u00e1ban \u2022 Magyar Hist\u00f3ri\u00e1k sorozat 8\/5."},"content":{"rendered":"<p>A Magyar hist\u00f3ri\u00e1k c\u00edm\u0171 sorozat \u00f6t\u00f6dik k\u00f6tete, a K\u00c9TFEJ\u0170 SAS KARM\u00c1BAN a t\u00f6r\u00f6k ki\u0171z\u00e9s\u00e9t\u0151l a reformkorig tart\u00f3 id\u0151szakr\u00f3l igyekszik k\u00e9pet t\u00e1rni az olvas\u00f3 el\u00e9. Lapjain megelevenednek a R\u00e1k\u00f3czi-szabads\u00e1gharc meg az eur\u00f3pai \u00f6r\u00f6k\u00f6s\u00f6d\u00e9si h\u00e1bor\u00fak esem\u00e9nyei. \u00c1ttekint\u00e9st ny\u00fajt M\u00e1ria Ter\u00e9zia \u00e9s a &#8222;kalapos kir\u00e1ly&#8221;, II. J\u00f3zsef felvil\u00e1gosult abszolutizmus jegy\u00e9ben sz\u00fcletett reformjair\u00f3l, ahogy a magyar jakobinusok tragikus v\u00e9get \u00e9rt \u00f6sszeesk\u00fcv\u00e9s\u00e9r\u0151l is. A tudom\u00e1nyok &#8222;\u00e1llapotja&#8221; \u00e9s a barokk csillog\u00e1s mellett sz\u00f3 esik nemzeti szellem\u0171 irodalom \u00e9s kult\u00fara felvir\u00e1gz\u00e1s\u00e1r\u00f3l, a nyelv\u00faj\u00edt\u00e1sr\u00f3l is.<\/p>\n","protected":false},"excerpt":{"rendered":"<p>Na ez micsoda, \u00e9s hova ker\u00fcl?<\/p>\n<p>a K\u00c9TFEJ\u0170 SAS KARM\u00c1BAN<\/p>\n","protected":false},"featured_media":5319,"comment_status":"open","ping_status":"closed","template":"","meta":[],"product_cat":[70,62,64],"product_tag":[],"class_list":["post-5318","product","type-product","status-publish","has-post-thumbnail","hentry","product_cat-ismeretterjeszto","product_cat-gyermek-konyv","product_cat-tortenelem"],"acf":{"oldalak_szama":48,"alcim":"Magyarorsz\u00e1g t\u00f6rt\u00e9nete 1686\u20131825","sorozat":"Magyar Hist\u00f3r\u00e1k","kozremukodo_i":"Nagy \u00c9va","kozremukodo_i_szerzosege":"szerz\u0151","kozremukodo_ii":"Domina Istv\u00e1n","kozremukodo_ii_szerzosege":"szerkeszt\u0151","kategoria_i":"ifj\u00fas\u00e1gi","kategoria_ii":"t\u00f6rt\u00e9nelem","bs_id":19146,"ean":9789639232907,"statusz":"kaphat\u00f3","kiado":"Gulliver Kiad\u00f3","leirasszinopszisfulszoveg":"","online_ar":2390,"szelesseg":227,"magassag":298,"vastagsag":10,"sulyg":500,"link":"","kulcsszavak":"magyar t\u00f6rt\u00e9nelem"},"_links":{"self":[{"href":"https:\/\/gulliverkiado.hu\/index.php\/wp-json\/wp\/v2\/product\/5318","targetHints":{"allow":["GET"]}}],"collection":[{"href":"https:\/\/gulliverkiado.hu\/index.php\/wp-json\/wp\/v2\/product"}],"about":[{"href":"https:\/\/gulliverkiado.hu\/index.php\/wp-json\/wp\/v2\/types\/product"}],"replies":[{"embeddable":true,"href":"https:\/\/gulliverkiado.hu\/index.php\/wp-json\/wp\/v2\/comments?post=5318"}],"wp:featuredmedia":[{"embeddable":true,"href":"https:\/\/gulliverkiado.hu\/index.php\/wp-json\/wp\/v2\/media\/5319"}],"wp:attachment":[{"href":"https:\/\/gulliverkiado.hu\/index.php\/wp-json\/wp\/v2\/media?parent=5318"}],"wp:term":[{"taxonomy":"product_cat","embeddable":true,"href":"https:\/\/gulliverkiado.hu\/index.php\/wp-json\/wp\/v2\/product_cat?post=5318"},{"taxonomy":"product_tag","embeddable":true,"href":"https:\/\/gulliverkiado.hu\/index.php\/wp-json\/wp\/v2\/product_tag?post=5318"}],"curies":[{"name":"wp","href":"https:\/\/api.w.org\/{rel}","templated":true}]}}