{"id":5256,"date":"2022-03-09T16:31:47","date_gmt":"2022-03-09T16:31:47","guid":{"rendered":"https:\/\/dev2.bitmonkey.hu\/gulliver\/?post_type=product&#038;p=5256"},"modified":"2024-08-27T12:22:07","modified_gmt":"2024-08-27T12:22:07","slug":"kicsi-piros-auto-es-baratai","status":"publish","type":"product","link":"https:\/\/gulliverkiado.hu\/index.php\/termek\/kicsi-piros-auto-es-baratai\/","title":{"rendered":"Kicsi piros aut\u00f3 \u00e9s bar\u00e1tai"},"content":{"rendered":"<div id=\"book-text\">\n<p>Kicsi S\u00e1rga Rep\u00fcl\u0151 im\u00e1d a felh\u0151k k\u00f6z\u00f6tt suhanni, Kicsi Piros Aut\u00f3 az orsz\u00e1g\u00faton kanyarogni, Kicsi K\u00e9k Mozdony meg a s\u00edneken zakatolni&#8230;<\/p>\n<p>Azt\u00e1n a h\u00e1rom j\u00f3bar\u00e1t egym\u00e1s szav\u00e1ba v\u00e1gva mes\u00e9li egym\u00e1snak a kalandjait. Kicsi Piros Aut\u00f3 Budapesten barangolt \u00e9s oroszl\u00e1nt l\u00e1tott, m\u00e9ghozz\u00e1 a L\u00e1nch\u00eddn\u00e1l. Kicsi S\u00e1rga Rep\u00fcl\u0151 P\u00e1rizsban cs\u00f6ppent egy \u00e9rdekes csetepat\u00e9ba. Kicsi K\u00e9k Mozdony meg a Balatonn\u00e1l tal\u00e1lt bar\u00e1tokra.<\/p>\n<\/div>\n<div id=\"book-data-container\">\n<div class=\"book-data-line\">\n<div class=\"book-data-left\">Szerz\u0151:\u00a0Nagy \u00c9va<\/div>\n<\/div>\n<div class=\"book-data-line\">\n<div class=\"book-data-left\">Szerkeszt\u0151:\u00a0Nagy \u00c9va<\/div>\n<\/div>\n<div class=\"book-data-line\">\n<div class=\"book-data-left\">Illusztr\u00e1ci\u00f3:\u00a0Bihari Beatrix-Ren\u00e1ta<\/div>\n<\/div>\n<div class=\"book-data-line\">\n<div class=\"book-data-left\">Narr\u00e1ci\u00f3:\u00a0G\u00e1bor \u00c9va<\/div>\n<\/div>\n<div class=\"book-data-line\">\n<div class=\"book-data-left\">Zene:\u00a0BIT Monkey Creative Group<\/div>\n<\/div>\n<div class=\"book-data-line\">\n<div class=\"book-data-left\">Hangok:\u00a0BIT Monkey Creative Group<\/div>\n<\/div>\n<div class=\"book-data-line\">\n<div class=\"book-data-left\">Megjelen\u00e9s \u00e9ve:\u00a02020<\/div>\n<\/div>\n<div class=\"book-data-line\">\n<div><\/div>\n<div class=\"book-data-left\">Oldalak sz\u00e1ma:\u00a015<\/div>\n<\/div>\n<\/div>\n","protected":false},"excerpt":{"rendered":"<p>Kicsi S\u00e1rga Rep\u00fcl\u0151 im\u00e1d a felh\u0151k k\u00f6z\u00f6tt suhanni, Kicsi Piros Aut\u00f3 az orsz\u00e1g\u00faton kanyarogni, Kicsi K\u00e9k Mozdony meg a s\u00edneken zakatolni&#8230; Azt\u00e1n a h\u00e1rom j\u00f3bar\u00e1t egym\u00e1s szav\u00e1ba v\u00e1gva mes\u00e9li egym\u00e1snak a kalandjait. Kicsi Piros Aut\u00f3 Budapesten barangolt \u00e9s oroszl\u00e1nt l\u00e1tott, m\u00e9ghozz\u00e1 a L\u00e1nch\u00eddn\u00e1l. Kicsi S\u00e1rga Rep\u00fcl\u0151 P\u00e1rizsban cs\u00f6ppent egy \u00e9rdekes csetepat\u00e9ba. Kicsi K\u00e9k Mozdony meg [&hellip;]<\/p>\n","protected":false},"featured_media":5257,"comment_status":"open","ping_status":"closed","template":"","meta":[],"product_cat":[62,15],"product_tag":[66,65],"class_list":["post-5256","product","type-product","status-publish","has-post-thumbnail","hentry","product_cat-gyermek-konyv","product_cat-egyeb","product_tag-ismeretterjeszto","product_tag-kicsi-piros-auto","pa_oldalszam-69"],"acf":{"oldalak_szama":8,"alcim":"","sorozat":"Kicsi bar\u00e1tok","kozremukodo_i":"Nagy \u00c9va","kozremukodo_i_szerzosege":"szerz\u0151","kozremukodo_ii":"---","kozremukodo_ii_szerzosege":"szerz\u0151","kategoria_i":"gyerek","kategoria_ii":"mesek\u00f6nyv","bs_id":"","ean":"","statusz":"kaphat\u00f3","kiado":"Gulliver Kiad\u00f3","leirasszinopszisfulszoveg":"","online_ar":"","szelesseg":"","magassag":"","vastagsag":"","sulyg":"","link":"","kulcsszavak":""},"_links":{"self":[{"href":"https:\/\/gulliverkiado.hu\/index.php\/wp-json\/wp\/v2\/product\/5256","targetHints":{"allow":["GET"]}}],"collection":[{"href":"https:\/\/gulliverkiado.hu\/index.php\/wp-json\/wp\/v2\/product"}],"about":[{"href":"https:\/\/gulliverkiado.hu\/index.php\/wp-json\/wp\/v2\/types\/product"}],"replies":[{"embeddable":true,"href":"https:\/\/gulliverkiado.hu\/index.php\/wp-json\/wp\/v2\/comments?post=5256"}],"wp:featuredmedia":[{"embeddable":true,"href":"https:\/\/gulliverkiado.hu\/index.php\/wp-json\/wp\/v2\/media\/5257"}],"wp:attachment":[{"href":"https:\/\/gulliverkiado.hu\/index.php\/wp-json\/wp\/v2\/media?parent=5256"}],"wp:term":[{"taxonomy":"product_cat","embeddable":true,"href":"https:\/\/gulliverkiado.hu\/index.php\/wp-json\/wp\/v2\/product_cat?post=5256"},{"taxonomy":"product_tag","embeddable":true,"href":"https:\/\/gulliverkiado.hu\/index.php\/wp-json\/wp\/v2\/product_tag?post=5256"}],"curies":[{"name":"wp","href":"https:\/\/api.w.org\/{rel}","templated":true}]}}