{"id":5251,"date":"2022-03-09T16:17:29","date_gmt":"2022-03-09T16:17:29","guid":{"rendered":"https:\/\/dev2.bitmonkey.hu\/gulliver\/?post_type=product&#038;p=5251"},"modified":"2025-04-13T05:50:06","modified_gmt":"2025-04-13T03:50:06","slug":"a-tucsok-es-a-hangya","status":"publish","type":"product","link":"https:\/\/gulliverkiado.hu\/index.php\/termek\/a-tucsok-es-a-hangya\/","title":{"rendered":"A t\u00fccs\u00f6k \u00e9s a hangya"},"content":{"rendered":"<p>A szorgos hangya napjai neh\u00e9z munk\u00e1val teltek a tikkaszt\u00f3 ny\u00e1ri melegben. Gy\u0171jt\u00f6tte, cipelte az \u00e9lelmet, hogy elrakt\u00e1rozza a sz\u0171k\u00f6s t\u00e9li h\u00f3napokra. S amikor leesett a h\u00f3, j\u00f3llakottan, biztons\u00e1gban \u00fccs\u00f6r\u00f6ghetett meleg kuck\u00f3j\u00e1ban. Ellenben a t\u00fccs\u00f6k \u00e9hesen, vacogva botork\u00e1lt a h\u00f3es\u00e9sben. Amikor r\u00e1tal\u00e1lt a hangya bar\u00e1ts\u00e1gos kunyh\u00f3j\u00e1ra, bekopogtatott az ablakon. Kedves Hangya\u2026 &#8211; kezdett rim\u00e1nkodni.<\/p>\n","protected":false},"excerpt":{"rendered":"<p>A szorgos hangya napjai neh\u00e9z munk\u00e1val teltek a tikkaszt\u00f3 ny\u00e1ri melegben. Gy\u0171jt\u00f6tte, cipelte az \u00e9lelmet, hogy elrakt\u00e1rozza a sz\u0171k\u00f6s t\u00e9li h\u00f3napokra. S amikor leesett a h\u00f3, j\u00f3llakottan, biztons\u00e1gban \u00fccs\u00f6r\u00f6ghetett meleg kuck\u00f3j\u00e1ban. Ellenben a t\u00fccs\u00f6k \u00e9hesen, vacogva botork\u00e1lt a h\u00f3es\u00e9sben. Amikor r\u00e1tal\u00e1lt a hangya bar\u00e1ts\u00e1gos kunyh\u00f3j\u00e1ra, bekopogtatott az ablakon. Kedves Hangya\u2026 &#8211; kezdett rim\u00e1nkodni.<\/p>\n","protected":false},"featured_media":5252,"comment_status":"open","ping_status":"closed","template":"","meta":[],"product_cat":[62],"product_tag":[],"class_list":["post-5251","product","type-product","status-publish","has-post-thumbnail","hentry","product_cat-gyermek-konyv"],"acf":{"oldalak_szama":8,"alcim":"","sorozat":"N\u00e9pmes\u00e9k","kozremukodo_i":"Nagy \u00c9va","kozremukodo_i_szerzosege":"szerz\u0151","kozremukodo_ii":"---","kozremukodo_ii_szerzosege":"szerz\u0151","kategoria_i":"gyerek","kategoria_ii":"mesek\u00f6nyv","bs_id":"","ean":"","statusz":"kaphat\u00f3","kiado":"","leirasszinopszisfulszoveg":"","online_ar":"","szelesseg":"","magassag":"","vastagsag":"","sulyg":"","link":"","kulcsszavak":""},"_links":{"self":[{"href":"https:\/\/gulliverkiado.hu\/index.php\/wp-json\/wp\/v2\/product\/5251","targetHints":{"allow":["GET"]}}],"collection":[{"href":"https:\/\/gulliverkiado.hu\/index.php\/wp-json\/wp\/v2\/product"}],"about":[{"href":"https:\/\/gulliverkiado.hu\/index.php\/wp-json\/wp\/v2\/types\/product"}],"replies":[{"embeddable":true,"href":"https:\/\/gulliverkiado.hu\/index.php\/wp-json\/wp\/v2\/comments?post=5251"}],"wp:featuredmedia":[{"embeddable":true,"href":"https:\/\/gulliverkiado.hu\/index.php\/wp-json\/wp\/v2\/media\/5252"}],"wp:attachment":[{"href":"https:\/\/gulliverkiado.hu\/index.php\/wp-json\/wp\/v2\/media?parent=5251"}],"wp:term":[{"taxonomy":"product_cat","embeddable":true,"href":"https:\/\/gulliverkiado.hu\/index.php\/wp-json\/wp\/v2\/product_cat?post=5251"},{"taxonomy":"product_tag","embeddable":true,"href":"https:\/\/gulliverkiado.hu\/index.php\/wp-json\/wp\/v2\/product_tag?post=5251"}],"curies":[{"name":"wp","href":"https:\/\/api.w.org\/{rel}","templated":true}]}}