{"id":5449,"date":"2023-08-02T11:21:52","date_gmt":"2023-08-02T11:21:52","guid":{"rendered":"https:\/\/dev2.bitmonkey.hu\/gulliver\/?page_id=5449"},"modified":"2023-08-28T12:36:28","modified_gmt":"2023-08-28T12:36:28","slug":"rolunk2","status":"publish","type":"page","link":"https:\/\/gulliverkiado.hu\/index.php\/rolunk2\/","title":{"rendered":"R\u00f3lunk"},"content":{"rendered":"<p>[vc_row content_placement=&#8221;top&#8221; css=&#8221;.vc_custom_1690981407170{padding-top: 130px !important;padding-bottom: 70px !important;}&#8221;][vc_column]<div  class=\"kolaso_heading wpb_animate_when_almost_visible wpb_fadeInUp fadeInUp\"><div class=\"heading  text-left heading-2\"><h2 class=\"heading-title\" style=\"\">Filoz\u00f3fi\u00e1nk<\/h2><div class=\"heading-desc\" style=\"\">Az 1989-ben alakult Gulliver K\u00f6nyvkiad\u00f3, \u00e9s t\u00e1rskiad\u00f3ja, a Lilliput K\u00f6nyvkiad\u00f3 az elm\u00falt h\u00e1rom \u00e9vtized sor\u00e1n k\u00f6zz\u00e9tett t\u00f6bb mint ezer k\u00f6tetnyi mese- \u00e9s ifj\u00fas\u00e1gi ismeretterjeszt\u0151 k\u00f6nyv\u00e9vel igyekezett megkedveltetni az olvas\u00e1st a legkisebbekt\u0151l a tizen\u00e9ves di\u00e1kokig. Az egyes kiadv\u00e1nyok \u00f6ssze\u00e1ll\u00edt\u00e1sa sor\u00e1n nagy hangs\u00falyt helyez a sz\u00f3rakoztatva tan\u00edt\u00e1sra, a gyermekek sz\u00f6veg\u00e9rt\u00e9s\u00e9nek el\u0151seg\u00edt\u00e9s\u00e9re, a sz\u00f6veg \u00e9s a vizu\u00e1lis megform\u00e1l\u00e1s ig\u00e9nyess\u00e9g\u00e9re.<\/div> <\/div><\/div>[vc_empty_space height=&#8221;70px&#8221;][vc_row_inner][vc_column_inner width=&#8221;3\/5&#8243;]<div class=\"kolaso_services services\"><div class=\"service-panel none\"><div class=\"service-content\"><h4>Tev\u00e9kenys\u00e9g\u00fcnk<\/h4><p>H\u00fasz-negyven c\u00edmb\u0151l \u00e1ll\u00f3 sorozatainkon \u2013 mint Richard Scarry Tesz-vesz v\u00e1rosa, Franklin, a kis tekn\u0151s t\u00f6rt\u00e9netei, n\u00e9pmese-sorozat, 100 \u00e1llom\u00e1s 100 kaland sorozat, a k\u00e9pes atlasz-sorozat, vagy a Magyar Hist\u00f3ri\u00e1k sorozata \u2013 gener\u00e1ci\u00f3k n\u0151ttek fel. A klasszikus meseirodalom (Aesopus: A mezei \u00e9s a h\u00e1zi eg\u00e9r) \u00e9s a n\u00e9pmes\u00e9k (Egyszer volt Bud\u00e1n kutyav\u00e1s\u00e1r, H\u00e1rom k\u00edv\u00e1ns\u00e1g) mellett k\u00f6zreadott mond\u00f3k\u00e1s (Hipp-hopp, halih\u00f3) \u00e9s versesk\u00f6teteket (B\u00e9ka-n\u00f3ta, Micsoda csoda) is. A tizen\u00e9ves fiatalok sz\u00e1m\u00e1ra j\u00f3 n\u00e9h\u00e1ny, a t\u00f6rt\u00e9nelmi korokat, tudom\u00e1nyos felfedez\u00e9seket, a n\u00f6v\u00e9ny- \u00e9s \u00e1llatvil\u00e1got bemutat\u00f3 k\u00f6nyve jelent meg. A 100 \u00e1llom\u00e1s 100 kaland sorozat legn\u00e9pszer\u0171bb tagjai a Dinoszauruszok, Lovagkor, Egyiptom, A vil\u00e1g csod\u00e1i, Az \u00e9let csod\u00e1ja, Kuty\u00e1k, Lovak, de sikeresek a t\u00f6rt\u00e9nelmet feldolgoz\u00f3, saj\u00e1t fejleszt\u00e9s\u0171 k\u00f6tetek is, mint a Magyarorsz\u00e1g, M\u00e1ty\u00e1s \u00e9s a Hunyadiak, Forradalom \u00e9s szabads\u00e1gharc. Atlasz sorozat\u00e1ban a magyar helysz\u00ednek \u00e9s esem\u00e9nyek (Magyarorsz\u00e1g t\u00f6rt\u00e9nete, Magyarorsz\u00e1g n\u00f6v\u00e9ny- \u00e9s \u00e1llatvil\u00e1ga, Magyarorsz\u00e1g atlasz) bemutat\u00e1s megjelentette a Vil\u00e1g k\u00e9pes atlasza c\u00edmet is. A Magyar Hist\u00f3ri\u00e1k sorozat a k\u00f6z\u00e9piskol\u00e1sok sz\u00e1m\u00e1ra dolgozza fel a magyar t\u00f6rt\u00e9nelmet.<\/p><\/div><!-- .service-content end --><\/div><\/div>[\/vc_column_inner][vc_column_inner width=&#8221;2\/5&#8243;]<div class=\"kolaso_services services\"><div class=\"service-panel none\"><div class=\"service-content\"><h4>Innov\u00e1ci\u00f3<\/h4><p>A Gulliver K\u00f6nyvkiad\u00f3 m\u0171helymunk\u00e1j\u00e1ban k\u00fcl\u00f6n\u00f6s hangs\u00falyt kapnak a koroszt\u00e1lyok ig\u00e9nyeihez igazod\u00f3 \u00faj\u00edt\u00e1sok. Magyarorsz\u00e1gon az els\u0151k k\u00f6z\u00f6tt adott k\u00f6zre interakt\u00edv kiadv\u00e1nyokat, m\u00e9g \u201eakv\u00e1riumot\u201d, nagy\u00edt\u00f3t, j\u00e1t\u00e9ktelefont is be\u00e9p\u00edtett a k\u00f6nyveibe. Az ezredfordul\u00f3 \u00f3ta egyre gyorsabban v\u00e1ltoz\u00f3 tartalomfogyaszt\u00e1si szok\u00e1sok, a digit\u00e1lis eszk\u00f6z\u00f6k haszn\u00e1lat\u00e1nak t\u00e9rnyer\u00e9se okozta v\u00e1ltoz\u00e1sokhoz igazodva elind\u00edtotta a nyomtatott k\u00f6nyvek \u00e9s digit\u00e1lis interakt\u00edv kiadv\u00e1nyok \u00f6sszekapcsol\u00e1s\u00e1ra \u00e9p\u00fcl\u0151, kifejezetten a gyermekkoroszt\u00e1lyokat c\u00e9lz\u00f3 digit\u00e1lis kiad\u00f3i programj\u00e1t, a Gulliverzum-applik\u00e1ci\u00f3t.<\/p><\/div><!-- .service-content end --><\/div><\/div>[\/vc_column_inner][\/vc_row_inner][\/vc_column][\/vc_row][vc_row full_width=&#8221;stretch_row_content_no_spaces&#8221; css=&#8221;.vc_custom_1690974967063{padding-top: 130px !important;padding-bottom: 70px !important;background-image: url(https:\/\/dev2.bitmonkey.hu\/gulliver\/wp-content\/uploads\/2023\/08\/KPAbar-FB-fejlec-jpg-scaled.jpg?id=5451) !important;background-position: center !important;background-repeat: no-repeat !important;background-size: cover !important;}&#8221; el_class=&#8221;vc-overlap bg-parallax bg-overlay bg-overlay-dark&#8221;][vc_column offset=&#8221;vc_col-lg-6 vc_col-md-6&#8243; css=&#8221;.vc_custom_1690982778278{margin-top: 50px !important;}&#8221;][vc_single_image image=&#8221;5453&#8243; img_size=&#8221;full&#8221; css_animation=&#8221;zoomInLeft&#8221;][\/vc_column][vc_column css=&#8221;.vc_custom_1550016737099{padding-right: 100px !important;padding-left: 15px !important;}&#8221; offset=&#8221;vc_col-lg-6 vc_col-md-6&#8243; el_class=&#8221;p-xs-15 p-sm-15&#8243;]<div  class=\"kolaso_heading wpb_animate_when_almost_visible wpb_fadeInUp fadeInUp\"><div class=\"heading  text-left text-light heading-2\"><h2 class=\"heading-title\" style=\"\">K\u00f6nyvkiad\u00e1s, mindenk\u00e9ppen<\/h2><div class=\"heading-desc\" style=\"\">K\u00f6nyvkiad\u00e1s a 20-21. sz\u00e1zad hat\u00e1r\u00e1n<\/div> <\/div><\/div>[vc_empty_space height=&#8221;45px&#8221;][vc_row_inner][vc_column_inner width=&#8221;2\/5&#8243;]<div  class=\"zytheme_features features features-2\"><div class=\"feature-panel \"><div class=\"feature-icon\"><i class=\"kolaso-Quote\"><\/i><\/div><!-- .feature-icon end --><div class=\"feature-content\"><h4>Hagyom\u00e1nyos k\u00f6nyvkiad\u00e1s<\/h4><p>Hagyom\u00e1nyos nyomdai technol\u00f3gi\u00e1val, pap\u00edrra nyomtatott k\u00f6nyvek<\/p><\/div><!-- .feature-content end --><\/div><\/div>[\/vc_column_inner][vc_column_inner width=&#8221;1\/5&#8243;][\/vc_column_inner][vc_column_inner width=&#8221;2\/5&#8243;]<div  class=\"zytheme_features features features-2\"><div class=\"feature-panel \"><div class=\"feature-icon\"><i class=\"kolaso-Quote2\"><\/i><\/div><!-- .feature-icon end --><div class=\"feature-content\"><h4>Digit\u00e1lis term\u00e9kek<\/h4><p>Digit\u00e1lis eszk\u00f6z\u00f6k\u00f6n (tablet, mobiltelefon) megjelen\u0151 interakt\u00edv \u201eolvasnival\u00f3k\u201d<\/p><\/div><!-- .feature-content end --><\/div><\/div>[\/vc_column_inner][\/vc_row_inner][\/vc_column][\/vc_row][vc_row][vc_column]\n\t\t\t<!-- START Shop REVOLUTION SLIDER 6.3.2 --><p class=\"rs-p-wp-fix\"><\/p>\n\t\t\t<rs-module-wrap id=\"rev_slider_4_1_wrapper\" data-source=\"gallery\" style=\"background:transparent;padding:0;margin:0px auto;margin-top:0;margin-bottom:0;\">\n\t\t\t\t<rs-module id=\"rev_slider_4_1\" style=\"\" data-version=\"6.3.2\">\n\t\t\t\t\t<rs-slides>\n\t\t\t\t\t\t<rs-slide data-key=\"rs-15\" data-title=\"Slide\" data-thumb=\"\/\/dev2.bitmonkey.hu\/gulliver\/wp-content\/uploads\/2022\/03\/home-book-club-children-read-books-lots-of-books-2022-03-07-23-21-12-utc-scaled.jpg\" data-anim=\"ei:d;eo:d;s:d;r:0;t:cube;sl:d;\">\n\t\t\t\t\t\t\t<img loading=\"lazy\" decoding=\"async\" src=\"\/\/dev2.bitmonkey.hu\/gulliver\/wp-content\/uploads\/2022\/03\/home-book-club-children-read-books-lots-of-books-2022-03-07-23-21-12-utc-scaled.jpg\" title=\"home-book-club-children-read-books-lots-of-books-2022-03-07-23-21-12-utc\" width=\"2560\" height=\"1707\" class=\"rev-slidebg\" data-no-retina>\n<!--\n\t\t\t\t\t\t\t--><rs-layer\n\t\t\t\t\t\t\t\tid=\"slider-4-slide-15-layer-1\" \n\t\t\t\t\t\t\t\tclass=\"slider-headline\"\n\t\t\t\t\t\t\t\tdata-type=\"text\"\n\t\t\t\t\t\t\t\tdata-color=\"#0006b5||#0006b5||#ffffff||#ffffff\"\n\t\t\t\t\t\t\t\tdata-tsh=\"c:rgba(255,255,255,0.33);h:5px;v:5px;\"\n\t\t\t\t\t\t\t\tdata-rsp_ch=\"on\"\n\t\t\t\t\t\t\t\tdata-xy=\"x:l,l,c,c;xo:-2px,-2px,-12px,0;yo:51px,51px,195px,95px;\"\n\t\t\t\t\t\t\t\tdata-text=\"s:62,54,60,60;l:72,63,65,65;fw:900;a:left,left,center,center;\"\n\t\t\t\t\t\t\t\tdata-tst=\"w:3px,1px,1px,1px;c:rgba(255, 255, 255, 0.25);\"\n\t\t\t\t\t\t\t\tdata-frame_0=\"y:-51px;\"\n\t\t\t\t\t\t\t\tdata-frame_1=\"st:800;sp:900;sR:800;\"\n\t\t\t\t\t\t\t\tdata-frame_999=\"y:-100%;e:nothing;st:w;sp:1000;sR:7300;\"\n\t\t\t\t\t\t\t\tdata-frame_999_mask=\"u:t;\"\n\t\t\t\t\t\t\t\tstyle=\"z-index:5;font-family:Nunito Sans;\"\n\t\t\t\t\t\t\t>V\u00e1logass \n<br>kedvedre\n<br>k\u00edn\u00e1latunkb\u00f3l! \n\t\t\t\t\t\t\t<\/rs-layer><!--\n\n\t\t\t\t\t\t\t--><rs-layer\n\t\t\t\t\t\t\t\tid=\"slider-4-slide-15-layer-6\" \n\t\t\t\t\t\t\t\tclass=\"btn rev-btn\"\n\t\t\t\t\t\t\t\tdata-type=\"button\"\n\t\t\t\t\t\t\t\tdata-color=\"#000cfc||#000cfc||#222222||#222222\"\n\t\t\t\t\t\t\t\tdata-xy=\"x:l,l,c,c;xo:1018px,1018px,-15px,0;y:t,t,m,m;yo:62px,62px,211px,153px;\"\n\t\t\t\t\t\t\t\tdata-text=\"s:18,18,13,13;l:13;fw:700;a:center;\"\n\t\t\t\t\t\t\t\tdata-rsp_bd=\"off\"\n\t\t\t\t\t\t\t\tdata-padding=\"t:20;r:34;b:20;l:34;\"\n\t\t\t\t\t\t\t\tdata-border=\"bor:3px,3px,3px,3px;\"\n\t\t\t\t\t\t\t\tdata-frame_0=\"x:50px;\"\n\t\t\t\t\t\t\t\tdata-frame_1=\"st:2510;sp:850;sR:2510;\"\n\t\t\t\t\t\t\t\tdata-frame_999=\"y:-100%;e:nothing;st:w;sp:600;sR:5640;\"\n\t\t\t\t\t\t\t\tdata-frame_999_mask=\"u:t;\"\n\t\t\t\t\t\t\t\tdata-frame_hover=\"c:#fff;bgc:#5156ea;boc:#fff;bor:3px,3px,3px,3px;bos:solid;bow:0px,0px,0px,0px;oX:50;oY:50;sp:0;e:none;\"\n\t\t\t\t\t\t\t\tstyle=\"z-index:7;background-color:#ffff32;font-family:Poppins;text-transform:capitalize;cursor:pointer;outline:none;box-shadow:none;box-sizing:border-box;-moz-box-sizing:border-box;-webkit-box-sizing:border-box;\"\n\t\t\t\t\t\t\t>V\u00e1s\u00e1rl\u00e1s \n\t\t\t\t\t\t\t<\/rs-layer><!--\n-->\t\t\t\t\t\t<\/rs-slide>\n\t\t\t\t\t\t<rs-slide data-key=\"rs-11\" data-title=\"Slide\" data-thumb=\"\/\/dev2.bitmonkey.hu\/gulliver\/wp-content\/uploads\/2022\/03\/books-2022-03-04-14-18-43-utc-1-scaled-e1646842106348.jpg\" data-anim=\"ei:d;eo:d;s:d;r:0;t:cube-horizontal;sl:d;\">\n\t\t\t\t\t\t\t<img loading=\"lazy\" decoding=\"async\" src=\"\/\/dev2.bitmonkey.hu\/gulliver\/wp-content\/uploads\/2022\/03\/books-2022-03-04-14-18-43-utc-1-scaled-e1646842106348.jpg\" title=\"books-2022-03-04-14-18-43-utc\" width=\"2560\" height=\"1445\" class=\"rev-slidebg\" data-no-retina>\n<!--\n\t\t\t\t\t\t\t--><rs-layer\n\t\t\t\t\t\t\t\tid=\"slider-4-slide-11-layer-1\" \n\t\t\t\t\t\t\t\tclass=\"slider-headline\"\n\t\t\t\t\t\t\t\tdata-type=\"text\"\n\t\t\t\t\t\t\t\tdata-color=\"#00cefc||#00cefc||#ffffff||#ffffff\"\n\t\t\t\t\t\t\t\tdata-tsh=\"c:rgba(255,255,255,0.33);h:5px;v:5px;\"\n\t\t\t\t\t\t\t\tdata-rsp_ch=\"on\"\n\t\t\t\t\t\t\t\tdata-xy=\"x:l,l,c,c;xo:-1px,-1px,-19px,0;yo:61px,61px,164px,137px;\"\n\t\t\t\t\t\t\t\tdata-text=\"s:60;l:70,70,65,65;fw:900;a:left,left,center,center;\"\n\t\t\t\t\t\t\t\tdata-tst=\"w:3px,1px,1px,1px;c:rgba(255, 255, 255, 0.25);\"\n\t\t\t\t\t\t\t\tdata-frame_0=\"x:175%;o:1;\"\n\t\t\t\t\t\t\t\tdata-frame_0_mask=\"u:t;x:-100%;\"\n\t\t\t\t\t\t\t\tdata-frame_1=\"e:power3.out;st:1070;sp:1500;sR:1070;\"\n\t\t\t\t\t\t\t\tdata-frame_1_mask=\"u:t;\"\n\t\t\t\t\t\t\t\tdata-frame_999=\"y:-100%;e:nothing;st:w;sp:1000;sR:6430;\"\n\t\t\t\t\t\t\t\tdata-frame_999_mask=\"u:t;\"\n\t\t\t\t\t\t\t\tstyle=\"z-index:5;font-family:Nunito Sans;\"\n\t\t\t\t\t\t\t>A tud\u00e1s csak a ti\u00e9d \n\t\t\t\t\t\t\t<\/rs-layer><!--\n\n\t\t\t\t\t\t\t--><rs-layer\n\t\t\t\t\t\t\t\tid=\"slider-4-slide-11-layer-3\" \n\t\t\t\t\t\t\t\tclass=\"slider-desc\"\n\t\t\t\t\t\t\t\tdata-type=\"text\"\n\t\t\t\t\t\t\t\tdata-color=\"#aeff00||#aeff00||#f9f9f9||#f9f9f9\"\n\t\t\t\t\t\t\t\tdata-rsp_ch=\"on\"\n\t\t\t\t\t\t\t\tdata-xy=\"x:l,l,c,c;xo:-89px,-89px,0,0;yo:141px,141px,345px,299px;\"\n\t\t\t\t\t\t\t\tdata-text=\"s:23,23,15,18;l:26,26,24,29;fw:600;a:left,left,center,center;\"\n\t\t\t\t\t\t\t\tdata-frame_0=\"x:175%;o:1;\"\n\t\t\t\t\t\t\t\tdata-frame_0_mask=\"u:t;x:-100%;\"\n\t\t\t\t\t\t\t\tdata-frame_1=\"y:1px;e:power3.out;st:2400;sp:1500;sR:2400;\"\n\t\t\t\t\t\t\t\tdata-frame_1_mask=\"u:t;\"\n\t\t\t\t\t\t\t\tdata-frame_999=\"y:-100%;e:nothing;st:w;sp:800;sR:5100;\"\n\t\t\t\t\t\t\t\tdata-frame_999_mask=\"u:t;\"\n\t\t\t\t\t\t\t\tstyle=\"z-index:6;font-family:Poppins;\"\n\t\t\t\t\t\t\t>Fedezd fel k\u00e9pzeleted <br>sz\u00ednponp\u00e1s vil\u00e1g\u00e1t,<br> f\u00fcrd\u0151zz az \u00e9lm\u00e9nyek <br>tenger\u00e9ben! \n\t\t\t\t\t\t\t<\/rs-layer><!--\n\n\t\t\t\t\t\t\t--><rs-layer\n\t\t\t\t\t\t\t\tid=\"slider-4-slide-11-layer-4\" \n\t\t\t\t\t\t\t\tclass=\"btn rev-btn\"\n\t\t\t\t\t\t\t\tdata-type=\"button\"\n\t\t\t\t\t\t\t\tdata-xy=\"x:l,l,c,c;xo:0,0,-35px,0;y:t,t,t,m;yo:558px,558px,451px,205px;\"\n\t\t\t\t\t\t\t\tdata-text=\"s:13;l:13;fw:700;a:center;\"\n\t\t\t\t\t\t\t\tdata-rsp_bd=\"off\"\n\t\t\t\t\t\t\t\tdata-padding=\"t:20;r:34;b:20;l:34;\"\n\t\t\t\t\t\t\t\tdata-border=\"bor:3px,3px,3px,3px;\"\n\t\t\t\t\t\t\t\tdata-frame_0=\"y:100%;\"\n\t\t\t\t\t\t\t\tdata-frame_1=\"e:power4.inOut;st:3410;sp:2000;sR:3410;\"\n\t\t\t\t\t\t\t\tdata-frame_999=\"y:100%;e:nothing;st:w;sp:600;sR:3590;\"\n\t\t\t\t\t\t\t\tdata-frame_999_mask=\"u:t;\"\n\t\t\t\t\t\t\t\tdata-frame_hover=\"c:#5156ea;bgc:#fff;boc:#fff;bor:3px,3px,3px,3px;bos:solid;bow:0px,0px,0px,0px;oX:50;oY:50;sp:0;e:none;\"\n\t\t\t\t\t\t\t\tstyle=\"z-index:7;background-color:#5156ea;font-family:Poppins;text-transform:capitalize;cursor:pointer;outline:none;box-shadow:none;box-sizing:border-box;-moz-box-sizing:border-box;-webkit-box-sizing:border-box;\"\n\t\t\t\t\t\t\t>V\u00e1s\u00e1rl\u00e1s \n\t\t\t\t\t\t\t<\/rs-layer><!--\n-->\t\t\t\t\t\t<\/rs-slide>\n\t\t\t\t\t<\/rs-slides>\n\t\t\t\t<\/rs-module>\n\t\t\t\t<script type=\"text\/javascript\">\n\t\t\t\t\tsetREVStartSize({c: 'rev_slider_4_1',rl:[1240,1024,778,480],el:[500,768,768,480],gw:[1170,1024,991,767],gh:[500,768,768,480],type:'standard',justify:'',layout:'fullwidth',mh:\"800\"});\n\t\t\t\t\tvar\trevapi4,\n\t\t\t\t\t\ttpj;\n\t\t\t\t\tfunction revinit_revslider41() {\n\t\t\t\t\tjQuery(function() {\n\t\t\t\t\t\ttpj = jQuery;\n\t\t\t\t\t\trevapi4 = tpj(\"#rev_slider_4_1\");\n\t\t\t\t\t\tif(revapi4==undefined || revapi4.revolution == undefined){\n\t\t\t\t\t\t\trevslider_showDoubleJqueryError(\"rev_slider_4_1\");\n\t\t\t\t\t\t}else{\n\t\t\t\t\t\t\trevapi4.revolution({\n\t\t\t\t\t\t\t\tsliderLayout:\"fullwidth\",\n\t\t\t\t\t\t\t\tvisibilityLevels:\"1240,1024,778,480\",\n\t\t\t\t\t\t\t\tgridwidth:\"1170,1024,991,767\",\n\t\t\t\t\t\t\t\tgridheight:\"500,768,768,480\",\n\t\t\t\t\t\t\t\tminHeight:800,\n\t\t\t\t\t\t\t\tspinner:\"spinner0\",\n\t\t\t\t\t\t\t\tperspective:600,\n\t\t\t\t\t\t\t\tperspectiveType:\"local\",\n\t\t\t\t\t\t\t\teditorheight:\"500,768,768,480\",\n\t\t\t\t\t\t\t\tresponsiveLevels:\"1240,1024,778,480\",\n\t\t\t\t\t\t\t\tprogressBar:{disableProgressBar:true},\n\t\t\t\t\t\t\t\tnavigation: {\n\t\t\t\t\t\t\t\t\tmouseScrollNavigation:false,\n\t\t\t\t\t\t\t\t\twheelCallDelay:1000,\n\t\t\t\t\t\t\t\t\tonHoverStop:false,\n\t\t\t\t\t\t\t\t\tarrows: {\n\t\t\t\t\t\t\t\t\t\tenable:true,\n\t\t\t\t\t\t\t\t\t\tstyle:\"hesperiden\",\n\t\t\t\t\t\t\t\t\t\thide_onleave:true,\n\t\t\t\t\t\t\t\t\t\tleft: {\n\t\t\t\t\t\t\t\t\t\t\th_offset:30\n\t\t\t\t\t\t\t\t\t\t},\n\t\t\t\t\t\t\t\t\t\tright: {\n\t\t\t\t\t\t\t\t\t\t\th_offset:30\n\t\t\t\t\t\t\t\t\t\t}\n\t\t\t\t\t\t\t\t\t}\n\t\t\t\t\t\t\t\t},\n\t\t\t\t\t\t\t\tfallbacks: {\n\t\t\t\t\t\t\t\t\tallowHTML5AutoPlayOnAndroid:true\n\t\t\t\t\t\t\t\t},\n\t\t\t\t\t\t\t});\n\t\t\t\t\t\t}\n\t\t\t\t\t\t\n\t\t\t\t\t});\n\t\t\t\t\t} \/\/ End of RevInitScript\n\t\t\t\tvar once_revslider41 = false;\n\t\t\t\tif (document.readyState === \"loading\") {document.addEventListener('readystatechange',function() { if((document.readyState === \"interactive\" || document.readyState === \"complete\") && !once_revslider41 ) { once_revslider41 = true; revinit_revslider41();}});} else {once_revslider41 = true; revinit_revslider41();}\n\t\t\t\t<\/script>\n\t\t\t\t<script>\n\t\t\t\t\tvar htmlDivCss = unescape(\"%23rev_slider_4_1_wrapper%20.hesperiden.tparrows%20%7B%0A%09cursor%3Apointer%3B%0A%09background%3Argba%280%2C0%2C0%2C0.5%29%3B%0A%09width%3A40px%3B%0A%09height%3A40px%3B%0A%09position%3Aabsolute%3B%0A%09display%3Ablock%3B%0A%09z-index%3A1000%3B%0A%20%20%20%20border-radius%3A%2050%25%3B%0A%7D%0A%23rev_slider_4_1_wrapper%20.hesperiden.tparrows%3Ahover%20%7B%0A%09background%3A%23000000%3B%0A%7D%0A%23rev_slider_4_1_wrapper%20.hesperiden.tparrows%3Abefore%20%7B%0A%09font-family%3A%20%27revicons%27%3B%0A%09font-size%3A20px%3B%0A%09color%3A%23ffffff%3B%0A%09display%3Ablock%3B%0A%09line-height%3A%2040px%3B%0A%09text-align%3A%20center%3B%0A%7D%0A%23rev_slider_4_1_wrapper%20.hesperiden.tparrows.tp-leftarrow%3Abefore%20%7B%0A%09content%3A%20%27%5Ce82c%27%3B%0A%20%20%20%20margin-left%3A-3px%3B%0A%7D%0A%23rev_slider_4_1_wrapper%20.hesperiden.tparrows.tp-rightarrow%3Abefore%20%7B%0A%09content%3A%20%27%5Ce82d%27%3B%0A%20%20%20%20margin-right%3A-3px%3B%0A%7D%0A\");\n\t\t\t\t\tvar htmlDiv = document.getElementById('rs-plugin-settings-inline-css');\n\t\t\t\t\tif(htmlDiv) {\n\t\t\t\t\t\thtmlDiv.innerHTML = htmlDiv.innerHTML + htmlDivCss;\n\t\t\t\t\t}else{\n\t\t\t\t\t\tvar htmlDiv = document.createElement('div');\n\t\t\t\t\t\thtmlDiv.innerHTML = '<style>' + htmlDivCss + '<\/style>';\n\t\t\t\t\t\tdocument.getElementsByTagName('head')[0].appendChild(htmlDiv.childNodes[0]);\n\t\t\t\t\t}\n\t\t\t\t<\/script>\n\t\t\t\t<script>\n\t\t\t\t\tvar htmlDivCss = unescape(\"%0A%0A\");\n\t\t\t\t\tvar htmlDiv = document.getElementById('rs-plugin-settings-inline-css');\n\t\t\t\t\tif(htmlDiv) {\n\t\t\t\t\t\thtmlDiv.innerHTML = htmlDiv.innerHTML + htmlDivCss;\n\t\t\t\t\t}else{\n\t\t\t\t\t\tvar htmlDiv = document.createElement('div');\n\t\t\t\t\t\thtmlDiv.innerHTML = '<style>' + htmlDivCss + '<\/style>';\n\t\t\t\t\t\tdocument.getElementsByTagName('head')[0].appendChild(htmlDiv.childNodes[0]);\n\t\t\t\t\t}\n\t\t\t\t<\/script>\n\t\t\t<\/rs-module-wrap>\n\t\t\t<!-- END REVOLUTION SLIDER -->\n[\/vc_column][\/vc_row]<\/p>\n","protected":false},"excerpt":{"rendered":"<p>[vc_row content_placement=&#8221;top&#8221; css=&#8221;.vc_custom_1690981407170{padding-top: 130px !important;padding-bottom: 70px !important;}&#8221;][vc_column][vc_empty_space height=&#8221;70px&#8221;][vc_row_inner][vc_column_inner width=&#8221;3\/5&#8243;][\/vc_column_inner][vc_column_inner width=&#8221;2\/5&#8243;][\/vc_column_inner][\/vc_row_inner][\/vc_column][\/vc_row][vc_row full_width=&#8221;stretch_row_content_no_spaces&#8221; css=&#8221;.vc_custom_1690974967063{padding-top: 130px !important;padding-bottom: 70px !important;background-image: url(https:\/\/dev2.bitmonkey.hu\/gulliver\/wp-content\/uploads\/2023\/08\/KPAbar-FB-fejlec-jpg-scaled.jpg?id=5451) !important;background-position: center !important;background-repeat: no-repeat !important;background-size: cover !important;}&#8221; el_class=&#8221;vc-overlap bg-parallax bg-overlay bg-overlay-dark&#8221;][vc_column offset=&#8221;vc_col-lg-6 vc_col-md-6&#8243; css=&#8221;.vc_custom_1690982778278{margin-top: 50px !important;}&#8221;][vc_single_image image=&#8221;5453&#8243; img_size=&#8221;full&#8221; css_animation=&#8221;zoomInLeft&#8221;][\/vc_column][vc_column css=&#8221;.vc_custom_1550016737099{padding-right: 100px !important;padding-left: 15px !important;}&#8221; offset=&#8221;vc_col-lg-6 vc_col-md-6&#8243; el_class=&#8221;p-xs-15 p-sm-15&#8243;][vc_empty_space height=&#8221;45px&#8221;][vc_row_inner][vc_column_inner width=&#8221;2\/5&#8243;][\/vc_column_inner][vc_column_inner width=&#8221;1\/5&#8243;][\/vc_column_inner][vc_column_inner width=&#8221;2\/5&#8243;][\/vc_column_inner][\/vc_row_inner][\/vc_column][\/vc_row][vc_row][vc_column][\/vc_column][\/vc_row]<\/p>\n","protected":false},"author":3,"featured_media":0,"parent":0,"menu_order":0,"comment_status":"closed","ping_status":"closed","template":"","meta":{"footnotes":""},"class_list":["post-5449","page","type-page","status-publish","hentry"],"acf":[],"_links":{"self":[{"href":"https:\/\/gulliverkiado.hu\/index.php\/wp-json\/wp\/v2\/pages\/5449","targetHints":{"allow":["GET"]}}],"collection":[{"href":"https:\/\/gulliverkiado.hu\/index.php\/wp-json\/wp\/v2\/pages"}],"about":[{"href":"https:\/\/gulliverkiado.hu\/index.php\/wp-json\/wp\/v2\/types\/page"}],"author":[{"embeddable":true,"href":"https:\/\/gulliverkiado.hu\/index.php\/wp-json\/wp\/v2\/users\/3"}],"replies":[{"embeddable":true,"href":"https:\/\/gulliverkiado.hu\/index.php\/wp-json\/wp\/v2\/comments?post=5449"}],"version-history":[{"count":33,"href":"https:\/\/gulliverkiado.hu\/index.php\/wp-json\/wp\/v2\/pages\/5449\/revisions"}],"predecessor-version":[{"id":5496,"href":"https:\/\/gulliverkiado.hu\/index.php\/wp-json\/wp\/v2\/pages\/5449\/revisions\/5496"}],"wp:attachment":[{"href":"https:\/\/gulliverkiado.hu\/index.php\/wp-json\/wp\/v2\/media?parent=5449"}],"curies":[{"name":"wp","href":"https:\/\/api.w.org\/{rel}","templated":true}]}}