{"id":5413,"date":"2023-03-07T12:23:34","date_gmt":"2023-03-07T12:23:34","guid":{"rendered":"https:\/\/dev2.bitmonkey.hu\/gulliver\/?page_id=5413"},"modified":"2023-08-02T09:29:37","modified_gmt":"2023-08-02T09:29:37","slug":"kapcsolat","status":"publish","type":"page","link":"https:\/\/gulliverkiado.hu\/index.php\/kapcsolat\/","title":{"rendered":"Kapcsolat"},"content":{"rendered":"<p>[vc_row css=&#8221;.vc_custom_1543993652668{padding-top: 130px !important;padding-bottom: 130px !important;}&#8221;][vc_column width=&#8221;1\/2&#8243;]<div  class=\"kolaso_contact contact\"><div class=\"contact-panel text-center\"><div class=\"contact-icon\"><i class=\"kolaso-Mail\"><\/i><\/div><!-- .contact-icon end --><div class=\"contact-content\"><h4>Email<\/h4><p>kereskedelem@gulliverkiado.hu<\/p><\/div><!-- .contact-content end --><div class=\"contact-more\"><a class=\"btn btn-underlined\" href=\"#\" title=\"Keressen benn\u00fcnket\" target=\"_self\">Keressen benn\u00fcnket<\/a><\/div><!-- .contact-more end --><\/div><\/div>[\/vc_column][vc_column width=&#8221;1\/2&#8243;]<div  class=\"kolaso_contact contact\"><div class=\"contact-panel text-center\"><div class=\"contact-icon\"><i class=\"kolaso-Support\"><\/i><\/div><!-- .contact-icon end --><div class=\"contact-content\"><h4>Telefon<\/h4><p>+36-1\/332-6362<\/p><\/div><!-- .contact-content end --><div class=\"contact-more\"><a class=\"btn btn-underlined\" href=\"tel:01021705353\" title=\"H\u00edvjon benn\u00fcnket\" target=\"_self\">H\u00edvjon benn\u00fcnket<\/a><\/div><!-- .contact-more end --><\/div><\/div>[\/vc_column][\/vc_row][vc_row][vc_column]<div role=\"form\" class=\"wpcf7\" id=\"wpcf7-f4-o1\" lang=\"hu-HU\" dir=\"ltr\">\n<div class=\"screen-reader-response\"><p role=\"status\" aria-live=\"polite\" aria-atomic=\"true\"><\/p> <ul><\/ul><\/div>\n<form action=\"\/index.php\/wp-json\/wp\/v2\/pages\/5413#wpcf7-f4-o1\" method=\"post\" class=\"wpcf7-form init\" novalidate=\"novalidate\" data-status=\"init\">\n<div style=\"display: none;\">\n<input type=\"hidden\" name=\"_wpcf7\" value=\"4\" \/>\n<input type=\"hidden\" name=\"_wpcf7_version\" value=\"5.6.4\" \/>\n<input type=\"hidden\" name=\"_wpcf7_locale\" value=\"hu_HU\" \/>\n<input type=\"hidden\" name=\"_wpcf7_unit_tag\" value=\"wpcf7-f4-o1\" \/>\n<input type=\"hidden\" name=\"_wpcf7_container_post\" value=\"0\" \/>\n<input type=\"hidden\" name=\"_wpcf7_posted_data_hash\" value=\"\" \/>\n<\/div>\n<p><label> N\u00e9v<br \/>\n    <span class=\"wpcf7-form-control-wrap\" data-name=\"your-name\"><input type=\"text\" name=\"your-name\" value=\"\" size=\"40\" class=\"wpcf7-form-control wpcf7-text wpcf7-validates-as-required\" aria-required=\"true\" aria-invalid=\"false\" \/><\/span> <\/label><\/p>\n<p><label> E-mail c\u00edm<br \/>\n    <span class=\"wpcf7-form-control-wrap\" data-name=\"your-email\"><input type=\"email\" name=\"your-email\" value=\"\" size=\"40\" class=\"wpcf7-form-control wpcf7-text wpcf7-email wpcf7-validates-as-required wpcf7-validates-as-email\" aria-required=\"true\" aria-invalid=\"false\" \/><\/span> <\/label><\/p>\n<p><label> T\u00e1rgy<br \/>\n    <span class=\"wpcf7-form-control-wrap\" data-name=\"your-subject\"><input type=\"text\" name=\"your-subject\" value=\"\" size=\"40\" class=\"wpcf7-form-control wpcf7-text wpcf7-validates-as-required\" aria-required=\"true\" aria-invalid=\"false\" \/><\/span> <\/label><\/p>\n<p><label> \u00dczenet (nem k\u00f6telez\u0151)<br \/>\n    <span class=\"wpcf7-form-control-wrap\" data-name=\"your-message\"><textarea name=\"your-message\" cols=\"40\" rows=\"10\" class=\"wpcf7-form-control wpcf7-textarea\" aria-invalid=\"false\"><\/textarea><\/span> <\/label><\/p>\n<p><input type=\"submit\" value=\"Bek\u00fcld\u00e9s\" class=\"wpcf7-form-control has-spinner wpcf7-submit\" \/><\/p>\n<div class=\"wpcf7-response-output\" aria-hidden=\"true\"><\/div><\/form><\/div>[\/vc_column][\/vc_row]<\/p>\n","protected":false},"excerpt":{"rendered":"<p>[vc_row css=&#8221;.vc_custom_1543993652668{padding-top: 130px !important;padding-bottom: 130px !important;}&#8221;][vc_column width=&#8221;1\/2&#8243;][\/vc_column][vc_column width=&#8221;1\/2&#8243;][\/vc_column][\/vc_row][vc_row][vc_column][\/vc_column][\/vc_row]<\/p>\n","protected":false},"author":2,"featured_media":0,"parent":0,"menu_order":0,"comment_status":"closed","ping_status":"closed","template":"","meta":{"footnotes":""},"class_list":["post-5413","page","type-page","status-publish","hentry"],"acf":[],"_links":{"self":[{"href":"https:\/\/gulliverkiado.hu\/index.php\/wp-json\/wp\/v2\/pages\/5413","targetHints":{"allow":["GET"]}}],"collection":[{"href":"https:\/\/gulliverkiado.hu\/index.php\/wp-json\/wp\/v2\/pages"}],"about":[{"href":"https:\/\/gulliverkiado.hu\/index.php\/wp-json\/wp\/v2\/types\/page"}],"author":[{"embeddable":true,"href":"https:\/\/gulliverkiado.hu\/index.php\/wp-json\/wp\/v2\/users\/2"}],"replies":[{"embeddable":true,"href":"https:\/\/gulliverkiado.hu\/index.php\/wp-json\/wp\/v2\/comments?post=5413"}],"version-history":[{"count":14,"href":"https:\/\/gulliverkiado.hu\/index.php\/wp-json\/wp\/v2\/pages\/5413\/revisions"}],"predecessor-version":[{"id":5446,"href":"https:\/\/gulliverkiado.hu\/index.php\/wp-json\/wp\/v2\/pages\/5413\/revisions\/5446"}],"wp:attachment":[{"href":"https:\/\/gulliverkiado.hu\/index.php\/wp-json\/wp\/v2\/media?parent=5413"}],"curies":[{"name":"wp","href":"https:\/\/api.w.org\/{rel}","templated":true}]}}