{"id":4334,"date":"2018-12-05T06:55:35","date_gmt":"2018-12-05T06:55:35","guid":{"rendered":"https:\/\/themes.zytheme.com\/kolaso\/?page_id=4334"},"modified":"2024-08-27T11:45:38","modified_gmt":"2024-08-27T11:45:38","slug":"contact-us","status":"publish","type":"page","link":"https:\/\/gulliverkiado.hu\/index.php\/contact-us\/","title":{"rendered":"Kapcsolat"},"content":{"rendered":"<p>[vc_row css=&#8221;.vc_custom_1543993652668{padding-top: 130px !important;padding-bottom: 130px !important;}&#8221;][vc_column width=&#8221;1\/2&#8243;]<div  class=\"kolaso_contact contact\"><div class=\"contact-panel text-center\"><div class=\"contact-icon\"><i class=\"kolaso-Globe\"><\/i><\/div><!-- .contact-icon end --><div class=\"contact-content\"><h4>C\u00edm\u00fcnk:<\/h4><p>Szil\u00e1gysomly\u00f3 utca 37\/A.<br \/>\n1141 Budapest<\/p><\/div><!-- .contact-content end --><\/div><\/div>[\/vc_column][vc_column width=&#8221;1\/2&#8243;]<div  class=\"kolaso_contact contact\"><div class=\"contact-panel text-center\"><div class=\"contact-icon\"><i class=\"kolaso-Mail\"><\/i><\/div><!-- .contact-icon end --><div class=\"contact-content\"><h4>El\u00e9rhet\u0151s\u00e9geink:<\/h4><p>telefon: +36-1\/312-8442<br \/>\ne-mail: info@gulliverkiado.hu<\/p><\/div><!-- .contact-content end --><\/div><\/div>[\/vc_column][\/vc_row]<\/p>\n","protected":false},"excerpt":{"rendered":"<p>[vc_row css=&#8221;.vc_custom_1543993652668{padding-top: 130px !important;padding-bottom: 130px !important;}&#8221;][vc_column width=&#8221;1\/2&#8243;][\/vc_column][vc_column width=&#8221;1\/2&#8243;][\/vc_column][\/vc_row]<\/p>\n","protected":false},"author":1,"featured_media":0,"parent":0,"menu_order":0,"comment_status":"closed","ping_status":"closed","template":"","meta":{"footnotes":""},"class_list":["post-4334","page","type-page","status-publish","hentry"],"acf":[],"_links":{"self":[{"href":"https:\/\/gulliverkiado.hu\/index.php\/wp-json\/wp\/v2\/pages\/4334","targetHints":{"allow":["GET"]}}],"collection":[{"href":"https:\/\/gulliverkiado.hu\/index.php\/wp-json\/wp\/v2\/pages"}],"about":[{"href":"https:\/\/gulliverkiado.hu\/index.php\/wp-json\/wp\/v2\/types\/page"}],"author":[{"embeddable":true,"href":"https:\/\/gulliverkiado.hu\/index.php\/wp-json\/wp\/v2\/users\/1"}],"replies":[{"embeddable":true,"href":"https:\/\/gulliverkiado.hu\/index.php\/wp-json\/wp\/v2\/comments?post=4334"}],"version-history":[{"count":10,"href":"https:\/\/gulliverkiado.hu\/index.php\/wp-json\/wp\/v2\/pages\/4334\/revisions"}],"predecessor-version":[{"id":5499,"href":"https:\/\/gulliverkiado.hu\/index.php\/wp-json\/wp\/v2\/pages\/4334\/revisions\/5499"}],"wp:attachment":[{"href":"https:\/\/gulliverkiado.hu\/index.php\/wp-json\/wp\/v2\/media?parent=4334"}],"curies":[{"name":"wp","href":"https:\/\/api.w.org\/{rel}","templated":true}]}}